{"id":24554,"date":"2018-02-12T14:47:11","date_gmt":"2018-02-12T14:47:11","guid":{"rendered":"https:\/\/profissionais.aecister.pt\/index.php\/about\/"},"modified":"2024-02-08T13:22:07","modified_gmt":"2024-02-08T13:22:07","slug":"about","status":"publish","type":"page","link":"https:\/\/profissionais.aecister.pt\/index.php\/about\/","title":{"rendered":"About"},"content":{"rendered":"\t\t<div data-elementor-type=\"wp-post\" data-elementor-id=\"24554\" class=\"elementor elementor-24554\" data-elementor-settings=\"[]\">\n\t\t\t\t\t\t\t<div class=\"elementor-section-wrap\">\n\t\t\t\t\t\t\t<section class=\"elementor-section elementor-top-section elementor-element elementor-element-4077da5b elementor-section-content-bottom elementor-section-boxed elementor-section-height-default elementor-section-height-default\" data-id=\"4077da5b\" data-element_type=\"section\" data-settings=\"{&quot;background_background&quot;:&quot;classic&quot;}\">\n\t\t\t\t\t\t\t<div class=\"elementor-background-overlay\"><\/div>\n\t\t\t\t\t\t\t<div class=\"elementor-container elementor-column-gap-extended\">\n\t\t\t\t\t<div class=\"elementor-column elementor-col-100 elementor-top-column elementor-element elementor-element-599a9678\" data-id=\"599a9678\" data-element_type=\"column\">\n\t\t\t<div class=\"elementor-widget-wrap elementor-element-populated\">\n\t\t\t\t\t\t\t\t\t<\/div>\n\t\t<\/div>\n\t\t\t\t\t\t\t<\/div>\n\t\t<\/section>\n\t\t\t\t<section class=\"elementor-section elementor-top-section elementor-element elementor-element-53b28d2d elementor-section-content-middle elementor-section-boxed elementor-section-height-default elementor-section-height-default\" data-id=\"53b28d2d\" data-element_type=\"section\">\n\t\t\t\t\t\t<div class=\"elementor-container elementor-column-gap-extended\">\n\t\t\t\t\t<div class=\"elementor-column elementor-col-100 elementor-top-column elementor-element elementor-element-1d5dcda9\" data-id=\"1d5dcda9\" data-element_type=\"column\">\n\t\t\t<div class=\"elementor-widget-wrap elementor-element-populated\">\n\t\t\t\t\t\t\t\t<div class=\"elementor-element elementor-element-3fb36a3c elementor-widget elementor-widget-heading\" data-id=\"3fb36a3c\" data-element_type=\"widget\" data-widget_type=\"heading.default\">\n\t\t\t\t<div class=\"elementor-widget-container\">\n\t\t\t<h2 class=\"elementor-heading-title elementor-size-default\">Legisla\u00e7\u00e3o<\/h2>\t\t<\/div>\n\t\t\t\t<\/div>\n\t\t\t\t<div class=\"elementor-element elementor-element-1fa69725 elementor-widget elementor-widget-text-editor\" data-id=\"1fa69725\" data-element_type=\"widget\" data-widget_type=\"text-editor.default\">\n\t\t\t\t<div class=\"elementor-widget-container\">\n\t\t\t\t\t<div class=\"elementor-text-editor elementor-clearfix\"><a style=\"font-size: 16px; background-color: #ffffff;\" href=\"https:\/\/dre.pt\/home\/-\/dre\/138735004\/details\/maximized\" target=\"_blank\" rel=\"noopener\">Despacho n\u00ba 7414\/2020, de 24 de julho<\/a>\u00a0&#8211; Homologa as aprendizagens essenciais das disciplinas das componentes de forma\u00e7\u00e3o sociocultural e cient\u00edfica dos cursos profissionais.\n\n<a style=\"font-size: 16px; background-color: #ffffff;\" href=\"https:\/\/dre.pt\/pesquisa\/-\/search\/130350399\/details\/maximized\" target=\"_blank\" rel=\"noopener\">Portaria n.\u00ba 76\/2020, de 18 de mar\u00e7o<\/a><span style=\"font-size: 16px;\">\u00a0&#8211; Procede \u00e0 revoga\u00e7\u00e3o das portarias de cria\u00e7\u00e3o dos cursos profissionais constantes no anexo \u00e0 presente Portaria.<\/span>\n\n<a style=\"font-size: 16px; background-color: #ffffff;\" href=\"https:\/\/dre.pt\/web\/guest\/pesquisa\/-\/search\/116154369\/details\/maximized\" target=\"_blank\" rel=\"noopener\">Portaria n.\u00ba 235-A\/2020, de 23 de agosto<\/a><span style=\"font-size: 16px; font-style: normal; font-weight: 400;\">\u00a0&#8211;<\/span><span style=\"font-size: 16px; font-style: normal; font-weight: 400;\">\u00a0<\/span>Procede \u00e0 regulamenta\u00e7\u00e3o dos cursos profissionais a que se referem as al\u00edneas a) do n.\u00ba 1 do artigo 9.\u00ba do Decreto-Lei n.\u00ba 396\/2007, de 31 de dezembro, na sua reda\u00e7\u00e3o atual, e b) do n.\u00ba 4 do artigo 7.\u00ba do Decreto-Lei n.\u00ba 55\/2018, de 6 de julho\n\n<a style=\"font-size: 16px; background-color: #ffffff;\" href=\"https:\/\/dre.pt\/home\/-\/dre\/67401231\/details\/maximized\" target=\"_blank\" rel=\"noopener\">Portaria 165-B\/2015 de 03 de junho<\/a><span style=\"font-size: 16px;\">\u00a0\u2013 Segunda altera\u00e7\u00e3o \u00e0 Portaria n.\u00ba 74-A\/2013, de 15 de fevereiro, que estabelece as normas de organiza\u00e7\u00e3o, funcionamento, avalia\u00e7\u00e3o e certifica\u00e7\u00e3o dos cursos profissionais ministrados em estabelecimentos de ensino p\u00fablico, particular e cooperativo, que ofere\u00e7am o n\u00edvel secund\u00e1rio de educa\u00e7\u00e3o, e em escolas profissionais<\/span>\n\n<a style=\"font-size: 16px; background-color: #ffffff;\" href=\"https:\/\/dre.pt\/pesquisa\/-\/search\/302502\/details\/maximized\" target=\"_blank\" rel=\"noopener\">Portaria 59-C\/201, de 07 de mar\u00e7o<\/a><span style=\"font-size: 16px;\">\u00a0\u2013 Procede \u00e0 primeira altera\u00e7\u00e3o da Portaria n.\u00ba 74-A\/2013, de 15 de fevereiro, que estabelece as normas de organiza\u00e7\u00e3o, funcionamento, avalia\u00e7\u00e3o e certifica\u00e7\u00e3o dos cursos profissionais ministrados em estabelecimentos de ensino p\u00fablico, particular e cooperativo, que ofere\u00e7am o n\u00edvel secund\u00e1rio de educa\u00e7\u00e3o, e em escolas profissionais.<\/span>\n\n<a style=\"font-size: 16px; background-color: #ffffff;\" href=\"https:\/\/dre.pt\/web\/guest\/pesquisa\/-\/search\/3540315\/details\/maximized\" target=\"_blank\" rel=\"noopener\">Despacho Normativo n.\u00ba 7-A\/2013, de 10 de julho<\/a>\u00a0\u2013 Introduz normas relativas \u00e0 distribui\u00e7\u00e3o do servi\u00e7o aos docentes de quadro para o ano letivo de 2013-2014 de acordo com as regras estabelecidas no Despacho Normativo n.\u00ba 7\/2013, de 11 de junho;\n\n<a style=\"font-size: 16px; background-color: #ffffff;\" href=\"https:\/\/dre.pt\/pesquisa\/-\/search\/497860\/details\/maximized\" target=\"_blank\" rel=\"noopener\">Decreto-Lei n.\u00ba 91 \/2013, de 10 de julho<\/a><span style=\"font-size: 16px;\">\u00a0\u2013 Procede \u00e0 primeira altera\u00e7\u00e3o ao Decreto-Lei n.\u00ba 139\/2012, de 5 de julho, que estabelece os princ\u00edpios orientadores da organiza\u00e7\u00e3o e da gest\u00e3o dos curr\u00edculos dos ensinos b\u00e1sico e secund\u00e1rio, da avalia\u00e7\u00e3o dos conhecimentos a adquirir e das capacidades a desenvolver pelos alunos e do processo de desenvolvimento do curr\u00edculo dos ensinos b\u00e1sico e secund\u00e1rio.<\/span>\n\n<a style=\"font-size: 16px; background-color: #ffffff;\" href=\"https:\/\/dre.pt\/pesquisa\/-\/search\/458607\/details\/maximized\" target=\"_blank\" rel=\"noopener\">Portaria n.\u00ba 74-A\/2013, de 15 de fevereiro<\/a>\u00a0&#8211; Estabelece as normas de organiza\u00e7\u00e3o, funcionamento, avalia\u00e7\u00e3o e certifica\u00e7\u00e3o dos cursos profissionais ministrados em estabelecimentos de ensino p\u00fablico, particular e cooperativo, que ofere\u00e7am o n\u00edvel secund\u00e1rio de educa\u00e7\u00e3o, e em escolas profissionais.\n\n<a style=\"font-size: 16px; background-color: #ffffff;\" href=\"https:\/\/dre.pt\/pesquisa\/-\/search\/174840\/details\/maximized\" target=\"_blank\" rel=\"noopener\">Lei n.\u00ba 51\/2012, de 5 de setembro<\/a><span style=\"font-size: 16px;\">\u00a0\u2013 Aprova o Estatuto do Aluno e \u00c9tica Escolar, que estabelece os direitos e os deveres do aluno dos ensinos b\u00e1sico e secund\u00e1rio e o compromisso dos pais ou encarregados de educa\u00e7\u00e3o e dos restantes membros da comunidade educativa na sua educa\u00e7\u00e3o e forma\u00e7\u00e3o;<\/span>\n\n<a style=\"font-size: 16px; background-color: #ffffff;\" href=\"https:\/\/dre.pt\/home\/-\/dre\/656132\/details\/maximized\" target=\"_blank\" rel=\"noopener\">Portaria n.\u00ba 216-A\/2012, de 18 de julho<\/a><span style=\"font-size: 16px;\">\u00a0&#8211; Segunda altera\u00e7\u00e3o \u00e0 Portaria n.\u00ba 49\/2007, de 8 de janeiro, que define as regras a que deve obedecer o financiamento p\u00fablico dos cursos profissionais de n\u00edvel secund\u00e1rio.<\/span>\n\n<a style=\"font-size: 16px; background-color: #ffffff;\" href=\"https:\/\/dre.pt\/pesquisa\/-\/search\/179777\/details\/maximized\" target=\"_blank\" rel=\"noopener\">Decreto-Lei n.\u00ba 150\/2012, de 12 de julho<\/a><span style=\"font-size: 16px;\">\u00a0&#8211; Procede \u00e0 terceira altera\u00e7\u00e3o ao Decreto-Lei n.\u00ba 4\/98, de 8 de janeiro, que estabelece o regime de cria\u00e7\u00e3o, organiza\u00e7\u00e3o e funcionamento de escolas e cursos profissionais no \u00e2mbito do ensino n\u00e3o superior.<\/span>\n\n<a style=\"font-size: 16px; background-color: #ffffff;\" href=\"https:\/\/dre.pt\/pesquisa\/-\/search\/178548\/details\/maximized\" target=\"_blank\" rel=\"noopener\">Decreto-Lei n.\u00ba 139\/2012, de 5 de julho<\/a><span style=\"font-size: 16px;\">\u00a0&#8211; Estabelece os princ\u00edpios orientadores da organiza\u00e7\u00e3o e da gest\u00e3o dos curr\u00edculos, da avalia\u00e7\u00e3o dos conhecimentos e capacidades a adquirir e a desenvolver pelos alunos dos ensinos b\u00e1sico e secund\u00e1rio.<\/span>\n\n<a style=\"font-size: 16px; background-color: #ffffff;\" href=\"https:\/\/dre.pt\/pesquisa\/-\/search\/538593\/details\/maximized\" target=\"_blank\" rel=\"noopener\">Portaria n\u00ba 797\/2006, de 10 de agosto<\/a><span style=\"font-size: 16px;\">\u00a0&#8211; Altera a Portaria 550-C\/2004, de 21 de maio, que aprova o regime de cria\u00e7\u00e3o, organiza\u00e7\u00e3o e gest\u00e3o do curr\u00edculo, bem como a avalia\u00e7\u00e3o e certifica\u00e7\u00e3o das aprendizagens dos cursos profissionais de n\u00edvel secund\u00e1rio.<\/span>\n\n<a style=\"font-size: 16px; background-color: #ffffff;\" href=\"https:\/\/dre.pt\/pesquisa\/-\/search\/238849\/details\/maximized\" target=\"_blank\" rel=\"noopener\">Portaria n.\u00ba 550-C\/2004, de 21 de maio<\/a><span style=\"font-size: 16px; font-style: normal; font-weight: 400;\">\u00a0&#8211;\u00a0<\/span>Aprova o regime de cria\u00e7\u00e3o, organiza\u00e7\u00e3o e gest\u00e3o do curr\u00edculo, bem como a avalia\u00e7\u00e3o e certifica\u00e7\u00e3o das aprendizagens dos cursos profissionais de n\u00edvel secund\u00e1rio<span style=\"font-size: 16px;\">\n\n<br><br>\n\n\n<\/span><\/div>\n\t\t\t\t<\/div>\n\t\t\t\t<\/div>\n\t\t\t\t<section class=\"elementor-section elementor-inner-section elementor-element elementor-element-4bfb19a9 elementor-section-content-top elementor-section-boxed elementor-section-height-default elementor-section-height-default\" data-id=\"4bfb19a9\" data-element_type=\"section\">\n\t\t\t\t\t\t<div class=\"elementor-container elementor-column-gap-no\">\n\t\t\t\t\t<div class=\"elementor-column elementor-col-50 elementor-inner-column elementor-element elementor-element-1cb47a82\" data-id=\"1cb47a82\" data-element_type=\"column\">\n\t\t\t<div class=\"elementor-widget-wrap elementor-element-populated\">\n\t\t\t\t\t\t\t\t<div class=\"elementor-element elementor-element-7eca9c8a elementor-widget elementor-widget-text-editor\" data-id=\"7eca9c8a\" data-element_type=\"widget\" data-widget_type=\"text-editor.default\">\n\t\t\t\t<div class=\"elementor-widget-container\">\n\t\t\t\t\t<div class=\"elementor-text-editor elementor-clearfix\"><\/div>\n\t\t\t\t<\/div>\n\t\t\t\t<\/div>\n\t\t\t\t<div class=\"elementor-element elementor-element-822adc9 elementor-widget elementor-widget-image\" data-id=\"822adc9\" data-element_type=\"widget\" data-widget_type=\"image.default\">\n\t\t\t\t<div class=\"elementor-widget-container\">\n\t\t\t\t\t<div class=\"elementor-image\">\n\t\t\t\t\t\t\t\t\t\t<img width=\"1024\" height=\"208\" src=\"https:\/\/profissionais.aecister.pt\/wp-content\/uploads\/2021\/02\/POCH_PT2020_FSE_Bom-1-1024x208.png\" class=\"attachment-large size-large\" alt=\"\" loading=\"lazy\" srcset=\"https:\/\/profissionais.aecister.pt\/wp-content\/uploads\/2021\/02\/POCH_PT2020_FSE_Bom-1-1024x208.png 1024w, https:\/\/profissionais.aecister.pt\/wp-content\/uploads\/2021\/02\/POCH_PT2020_FSE_Bom-1-300x61.png 300w, https:\/\/profissionais.aecister.pt\/wp-content\/uploads\/2021\/02\/POCH_PT2020_FSE_Bom-1-768x156.png 768w, https:\/\/profissionais.aecister.pt\/wp-content\/uploads\/2021\/02\/POCH_PT2020_FSE_Bom-1-1536x311.png 1536w, https:\/\/profissionais.aecister.pt\/wp-content\/uploads\/2021\/02\/POCH_PT2020_FSE_Bom-1-2048x415.png 2048w\" sizes=\"(max-width: 1024px) 100vw, 1024px\" \/>\t\t\t\t\t\t\t\t\t\t\t<\/div>\n\t\t\t\t<\/div>\n\t\t\t\t<\/div>\n\t\t\t\t\t<\/div>\n\t\t<\/div>\n\t\t\t\t<div class=\"elementor-column elementor-col-50 elementor-inner-column elementor-element elementor-element-5612b40e\" data-id=\"5612b40e\" data-element_type=\"column\">\n\t\t\t<div class=\"elementor-widget-wrap elementor-element-populated\">\n\t\t\t\t\t\t\t\t<div class=\"elementor-element elementor-element-1f3dfaba elementor-widget elementor-widget-text-editor\" data-id=\"1f3dfaba\" data-element_type=\"widget\" data-widget_type=\"text-editor.default\">\n\t\t\t\t<div class=\"elementor-widget-container\">\n\t\t\t\t\t<div class=\"elementor-text-editor elementor-clearfix\"><\/div>\n\t\t\t\t<\/div>\n\t\t\t\t<\/div>\n\t\t\t\t<div class=\"elementor-element elementor-element-9550de8 elementor-widget elementor-widget-image\" data-id=\"9550de8\" data-element_type=\"widget\" data-widget_type=\"image.default\">\n\t\t\t\t<div class=\"elementor-widget-container\">\n\t\t\t\t\t<div class=\"elementor-image\">\n\t\t\t\t\t\t\t\t\t\t<img width=\"454\" height=\"177\" src=\"https:\/\/profissionais.aecister.pt\/wp-content\/uploads\/2021\/02\/Logo-Republica-Portuguesa-Educacao-Vertical.jpg\" class=\"attachment-large size-large\" alt=\"\" loading=\"lazy\" srcset=\"https:\/\/profissionais.aecister.pt\/wp-content\/uploads\/2021\/02\/Logo-Republica-Portuguesa-Educacao-Vertical.jpg 454w, https:\/\/profissionais.aecister.pt\/wp-content\/uploads\/2021\/02\/Logo-Republica-Portuguesa-Educacao-Vertical-300x117.jpg 300w\" sizes=\"(max-width: 454px) 100vw, 454px\" \/>\t\t\t\t\t\t\t\t\t\t\t<\/div>\n\t\t\t\t<\/div>\n\t\t\t\t<\/div>\n\t\t\t\t\t<\/div>\n\t\t<\/div>\n\t\t\t\t\t\t\t<\/div>\n\t\t<\/section>\n\t\t\t\t\t<\/div>\n\t\t<\/div>\n\t\t\t\t\t\t\t<\/div>\n\t\t<\/section>\n\t\t\t\t\t\t<\/div>\n\t\t\t\t\t<\/div>\n\t\t","protected":false},"excerpt":{"rendered":"<p>Legisla\u00e7\u00e3o Despacho n\u00ba 7414\/2020, de 24 de julho\u00a0&#8211; Homologa as aprendizagens essenciais das disciplinas das componentes de forma\u00e7\u00e3o sociocultural e cient\u00edfica dos cursos profissionais. Portaria n.\u00ba 76\/2020, de 18 de mar\u00e7o\u00a0&#8211; Procede \u00e0 revoga\u00e7\u00e3o das portarias de cria\u00e7\u00e3o dos cursos profissionais constantes no anexo \u00e0 presente Portaria. Portaria n.\u00ba 235-A\/2020, de 23 de agosto\u00a0&#8211;\u00a0Procede \u00e0 &hellip;<\/p>\n<p class=\"read-more\"> <a class=\"\" href=\"https:\/\/profissionais.aecister.pt\/index.php\/about\/\"> <span class=\"screen-reader-text\">About<\/span> Read More &raquo;<\/a><\/p>\n","protected":false},"author":1,"featured_media":0,"parent":0,"menu_order":0,"comment_status":"closed","ping_status":"closed","template":"","meta":[],"yoast_head":"<!-- This site is optimized with the Yoast SEO plugin v15.8 - https:\/\/yoast.com\/wordpress\/plugins\/seo\/ -->\n<title>About - Cursos Profissionais<\/title>\n<meta name=\"robots\" content=\"index, follow, max-snippet:-1, max-image-preview:large, max-video-preview:-1\" \/>\n<link rel=\"canonical\" href=\"https:\/\/profissionais.aecister.pt\/index.php\/about\/\" \/>\n<meta property=\"og:locale\" content=\"pt_PT\" \/>\n<meta property=\"og:type\" content=\"article\" \/>\n<meta property=\"og:title\" content=\"About - Cursos Profissionais\" \/>\n<meta property=\"og:description\" content=\"Legisla\u00e7\u00e3o Despacho n\u00ba 7414\/2020, de 24 de julho\u00a0&#8211; Homologa as aprendizagens essenciais das disciplinas das componentes de forma\u00e7\u00e3o sociocultural e cient\u00edfica dos cursos profissionais. Portaria n.\u00ba 76\/2020, de 18 de mar\u00e7o\u00a0&#8211; Procede \u00e0 revoga\u00e7\u00e3o das portarias de cria\u00e7\u00e3o dos cursos profissionais constantes no anexo \u00e0 presente Portaria. Portaria n.\u00ba 235-A\/2020, de 23 de agosto\u00a0&#8211;\u00a0Procede \u00e0 &hellip; About Read More &raquo;\" \/>\n<meta property=\"og:url\" content=\"https:\/\/profissionais.aecister.pt\/index.php\/about\/\" \/>\n<meta property=\"og:site_name\" content=\"Cursos Profissionais\" \/>\n<meta property=\"article:modified_time\" content=\"2024-02-08T13:22:07+00:00\" \/>\n<meta property=\"og:image\" content=\"https:\/\/profissionais.aecister.pt\/wp-content\/uploads\/2021\/02\/POCH_PT2020_FSE_Bom-1-1024x208.png\" \/>\n<meta name=\"twitter:card\" content=\"summary_large_image\" \/>\n<meta name=\"twitter:label1\" content=\"Est. reading time\">\n\t<meta name=\"twitter:data1\" content=\"3 minutos\">\n<script type=\"application\/ld+json\" class=\"yoast-schema-graph\">{\"@context\":\"https:\/\/schema.org\",\"@graph\":[{\"@type\":\"WebSite\",\"@id\":\"https:\/\/profissionais.aecister.pt\/#website\",\"url\":\"https:\/\/profissionais.aecister.pt\/\",\"name\":\"Cursos Profissionais\",\"description\":\"Oferta Formativa\",\"potentialAction\":[{\"@type\":\"SearchAction\",\"target\":\"https:\/\/profissionais.aecister.pt\/?s={search_term_string}\",\"query-input\":\"required name=search_term_string\"}],\"inLanguage\":\"pt-PT\"},{\"@type\":\"ImageObject\",\"@id\":\"https:\/\/profissionais.aecister.pt\/index.php\/about\/#primaryimage\",\"inLanguage\":\"pt-PT\",\"url\":\"https:\/\/profissionais.aecister.pt\/wp-content\/uploads\/2021\/02\/POCH_PT2020_FSE_Bom-1.png\",\"width\":2880,\"height\":584},{\"@type\":\"WebPage\",\"@id\":\"https:\/\/profissionais.aecister.pt\/index.php\/about\/#webpage\",\"url\":\"https:\/\/profissionais.aecister.pt\/index.php\/about\/\",\"name\":\"About - Cursos Profissionais\",\"isPartOf\":{\"@id\":\"https:\/\/profissionais.aecister.pt\/#website\"},\"primaryImageOfPage\":{\"@id\":\"https:\/\/profissionais.aecister.pt\/index.php\/about\/#primaryimage\"},\"datePublished\":\"2018-02-12T14:47:11+00:00\",\"dateModified\":\"2024-02-08T13:22:07+00:00\",\"breadcrumb\":{\"@id\":\"https:\/\/profissionais.aecister.pt\/index.php\/about\/#breadcrumb\"},\"inLanguage\":\"pt-PT\",\"potentialAction\":[{\"@type\":\"ReadAction\",\"target\":[\"https:\/\/profissionais.aecister.pt\/index.php\/about\/\"]}]},{\"@type\":\"BreadcrumbList\",\"@id\":\"https:\/\/profissionais.aecister.pt\/index.php\/about\/#breadcrumb\",\"itemListElement\":[{\"@type\":\"ListItem\",\"position\":1,\"item\":{\"@type\":\"WebPage\",\"@id\":\"https:\/\/profissionais.aecister.pt\/\",\"url\":\"https:\/\/profissionais.aecister.pt\/\",\"name\":\"Home\"}},{\"@type\":\"ListItem\",\"position\":2,\"item\":{\"@type\":\"WebPage\",\"@id\":\"https:\/\/profissionais.aecister.pt\/index.php\/about\/\",\"url\":\"https:\/\/profissionais.aecister.pt\/index.php\/about\/\",\"name\":\"About\"}}]}]}<\/script>\n<!-- \/ Yoast SEO plugin. -->","_links":{"self":[{"href":"https:\/\/profissionais.aecister.pt\/index.php\/wp-json\/wp\/v2\/pages\/24554"}],"collection":[{"href":"https:\/\/profissionais.aecister.pt\/index.php\/wp-json\/wp\/v2\/pages"}],"about":[{"href":"https:\/\/profissionais.aecister.pt\/index.php\/wp-json\/wp\/v2\/types\/page"}],"author":[{"embeddable":true,"href":"https:\/\/profissionais.aecister.pt\/index.php\/wp-json\/wp\/v2\/users\/1"}],"replies":[{"embeddable":true,"href":"https:\/\/profissionais.aecister.pt\/index.php\/wp-json\/wp\/v2\/comments?post=24554"}],"version-history":[{"count":27,"href":"https:\/\/profissionais.aecister.pt\/index.php\/wp-json\/wp\/v2\/pages\/24554\/revisions"}],"predecessor-version":[{"id":25283,"href":"https:\/\/profissionais.aecister.pt\/index.php\/wp-json\/wp\/v2\/pages\/24554\/revisions\/25283"}],"wp:attachment":[{"href":"https:\/\/profissionais.aecister.pt\/index.php\/wp-json\/wp\/v2\/media?parent=24554"}],"curies":[{"name":"wp","href":"https:\/\/api.w.org\/{rel}","templated":true}]}}