{"id":24561,"date":"2018-02-12T14:48:01","date_gmt":"2018-02-12T14:48:01","guid":{"rendered":"https:\/\/profissionais.aecister.pt\/index.php\/courses\/"},"modified":"2024-04-07T23:19:46","modified_gmt":"2024-04-07T23:19:46","slug":"courses","status":"publish","type":"page","link":"https:\/\/profissionais.aecister.pt\/index.php\/courses\/","title":{"rendered":"Courses"},"content":{"rendered":"\t\t<div data-elementor-type=\"wp-post\" data-elementor-id=\"24561\" class=\"elementor elementor-24561\" data-elementor-settings=\"[]\">\n\t\t\t\t\t\t\t<div class=\"elementor-section-wrap\">\n\t\t\t\t\t\t\t<section class=\"elementor-section elementor-top-section elementor-element elementor-element-d7d8b56 elementor-section-boxed elementor-section-height-default elementor-section-height-default\" data-id=\"d7d8b56\" data-element_type=\"section\" data-settings=\"{&quot;background_background&quot;:&quot;classic&quot;}\">\n\t\t\t\t\t\t\t<div class=\"elementor-background-overlay\"><\/div>\n\t\t\t\t\t\t\t<div class=\"elementor-container elementor-column-gap-default\">\n\t\t\t\t\t<div class=\"elementor-column elementor-col-33 elementor-top-column elementor-element elementor-element-b3d335b\" data-id=\"b3d335b\" data-element_type=\"column\">\n\t\t\t<div class=\"elementor-widget-wrap\">\n\t\t\t\t\t\t\t\t\t<\/div>\n\t\t<\/div>\n\t\t\t\t<div class=\"elementor-column elementor-col-33 elementor-top-column elementor-element elementor-element-fd69444\" data-id=\"fd69444\" data-element_type=\"column\">\n\t\t\t<div class=\"elementor-widget-wrap elementor-element-populated\">\n\t\t\t\t\t\t\t\t\t<\/div>\n\t\t<\/div>\n\t\t\t\t<div class=\"elementor-column elementor-col-33 elementor-top-column elementor-element elementor-element-674669b\" data-id=\"674669b\" data-element_type=\"column\">\n\t\t\t<div class=\"elementor-widget-wrap\">\n\t\t\t\t\t\t\t\t\t<\/div>\n\t\t<\/div>\n\t\t\t\t\t\t\t<\/div>\n\t\t<\/section>\n\t\t\t\t<section class=\"elementor-section elementor-top-section elementor-element elementor-element-5c40d7b elementor-section-boxed elementor-section-height-default elementor-section-height-default\" data-id=\"5c40d7b\" data-element_type=\"section\">\n\t\t\t\t\t\t<div class=\"elementor-container elementor-column-gap-default\">\n\t\t\t\t\t<div class=\"elementor-column elementor-col-50 elementor-top-column elementor-element elementor-element-2ebbf9c\" data-id=\"2ebbf9c\" data-element_type=\"column\">\n\t\t\t<div class=\"elementor-widget-wrap elementor-element-populated\">\n\t\t\t\t\t\t\t\t<div class=\"elementor-element elementor-element-fe195c7 elementor-widget elementor-widget-heading\" data-id=\"fe195c7\" data-element_type=\"widget\" data-widget_type=\"heading.default\">\n\t\t\t\t<div class=\"elementor-widget-container\">\n\t\t\t<h2 class=\"elementor-heading-title elementor-size-default\">para quem ?<\/h2>\t\t<\/div>\n\t\t\t\t<\/div>\n\t\t\t\t<div class=\"elementor-element elementor-element-dc051dd elementor-widget-divider--view-line elementor-widget elementor-widget-divider\" data-id=\"dc051dd\" data-element_type=\"widget\" data-widget_type=\"divider.default\">\n\t\t\t\t<div class=\"elementor-widget-container\">\n\t\t\t\t\t<div class=\"elementor-divider\">\n\t\t\t<span class=\"elementor-divider-separator\">\n\t\t\t\t\t\t<\/span>\n\t\t<\/div>\n\t\t\t\t<\/div>\n\t\t\t\t<\/div>\n\t\t\t\t<div class=\"elementor-element elementor-element-e5f497e elementor-widget elementor-widget-text-editor\" data-id=\"e5f497e\" data-element_type=\"widget\" data-widget_type=\"text-editor.default\">\n\t\t\t\t<div class=\"elementor-widget-container\">\n\t\t\t\t\t<div class=\"elementor-text-editor elementor-clearfix\"><p>Os Cursos Profissionais podem ser os mais indicados para quem:<\/p><\/div>\n\t\t\t\t<\/div>\n\t\t\t\t<\/div>\n\t\t\t\t<div class=\"elementor-element elementor-element-5dcd18a elementor-widget elementor-widget-text-editor\" data-id=\"5dcd18a\" data-element_type=\"widget\" data-widget_type=\"text-editor.default\">\n\t\t\t\t<div class=\"elementor-widget-container\">\n\t\t\t\t\t<div class=\"elementor-text-editor elementor-clearfix\"><ul><li>concluiu o 9.\u00ba ano de escolaridade ou forma\u00e7\u00e3o equivalente;<\/li><li>procura uma forma\u00e7\u00e3o mais pr\u00e1tica e orientada para o mercado de trabalho e\/ou prosseguir estudos superiores.<\/li><\/ul><\/div>\n\t\t\t\t<\/div>\n\t\t\t\t<\/div>\n\t\t\t\t\t<\/div>\n\t\t<\/div>\n\t\t\t\t<div class=\"elementor-column elementor-col-50 elementor-top-column elementor-element elementor-element-e5fdae0\" data-id=\"e5fdae0\" data-element_type=\"column\">\n\t\t\t<div class=\"elementor-widget-wrap elementor-element-populated\">\n\t\t\t\t\t\t\t\t<div class=\"elementor-element elementor-element-96b5b53 elementor-widget elementor-widget-image\" data-id=\"96b5b53\" data-element_type=\"widget\" data-widget_type=\"image.default\">\n\t\t\t\t<div class=\"elementor-widget-container\">\n\t\t\t\t\t<div class=\"elementor-image\">\n\t\t\t\t\t\t\t\t\t\t<img width=\"370\" height=\"250\" src=\"https:\/\/profissionais.aecister.pt\/wp-content\/uploads\/2021\/02\/person-using-macbook.jpg\" class=\"attachment-full size-full\" alt=\"\" loading=\"lazy\" srcset=\"https:\/\/profissionais.aecister.pt\/wp-content\/uploads\/2021\/02\/person-using-macbook.jpg 370w, https:\/\/profissionais.aecister.pt\/wp-content\/uploads\/2021\/02\/person-using-macbook-300x203.jpg 300w\" sizes=\"(max-width: 370px) 100vw, 370px\" \/>\t\t\t\t\t\t\t\t\t\t\t<\/div>\n\t\t\t\t<\/div>\n\t\t\t\t<\/div>\n\t\t\t\t\t<\/div>\n\t\t<\/div>\n\t\t\t\t\t\t\t<\/div>\n\t\t<\/section>\n\t\t\t\t<section class=\"elementor-section elementor-top-section elementor-element elementor-element-bfb9742 elementor-section-boxed elementor-section-height-default elementor-section-height-default\" data-id=\"bfb9742\" data-element_type=\"section\">\n\t\t\t\t\t\t<div class=\"elementor-container elementor-column-gap-default\">\n\t\t\t\t\t<div class=\"elementor-column elementor-col-50 elementor-top-column elementor-element elementor-element-f44c81a\" data-id=\"f44c81a\" data-element_type=\"column\">\n\t\t\t<div class=\"elementor-widget-wrap elementor-element-populated\">\n\t\t\t\t\t\t\t\t<div class=\"elementor-element elementor-element-ca82b96 elementor-widget elementor-widget-text-editor\" data-id=\"ca82b96\" data-element_type=\"widget\" data-widget_type=\"text-editor.default\">\n\t\t\t\t<div class=\"elementor-widget-container\">\n\t\t\t\t\t<div class=\"elementor-text-editor elementor-clearfix\"><p><strong>Dura\u00e7\u00e3o:<\/strong> 3 anos<br \/><strong>Pr\u00e9-requisitos:<\/strong> 9\u00ba ano completo<br \/><strong>Idade :<\/strong> Entre os 15 e 19 anos<br \/><strong>Diploma de Certifica\u00e7\u00e3o Profissional<\/strong> (N\u00edvel 4)<\/p><\/div>\n\t\t\t\t<\/div>\n\t\t\t\t<\/div>\n\t\t\t\t\t<\/div>\n\t\t<\/div>\n\t\t\t\t<div class=\"elementor-column elementor-col-50 elementor-top-column elementor-element elementor-element-892e7b8\" data-id=\"892e7b8\" data-element_type=\"column\">\n\t\t\t<div class=\"elementor-widget-wrap elementor-element-populated\">\n\t\t\t\t\t\t\t\t<section class=\"elementor-section elementor-inner-section elementor-element elementor-element-8e11e19 elementor-section-boxed elementor-section-height-default elementor-section-height-default\" data-id=\"8e11e19\" data-element_type=\"section\">\n\t\t\t\t\t\t<div class=\"elementor-container elementor-column-gap-default\">\n\t\t\t\t\t<div class=\"elementor-column elementor-col-100 elementor-inner-column elementor-element elementor-element-5d1d256\" data-id=\"5d1d256\" data-element_type=\"column\">\n\t\t\t<div class=\"elementor-widget-wrap elementor-element-populated\">\n\t\t\t\t\t\t\t\t<div class=\"elementor-element elementor-element-84cdbd7 elementor-widget elementor-widget-text-editor\" data-id=\"84cdbd7\" data-element_type=\"widget\" data-widget_type=\"text-editor.default\">\n\t\t\t\t<div class=\"elementor-widget-container\">\n\t\t\t\t\t<div class=\"elementor-text-editor elementor-clearfix\"><p>\u2022Ensino gratuito<br \/>\u2022Pr\u00e1tica simulada<br \/>\u2022Refei\u00e7\u00f5es gratuitas<br \/>\u2022Transportes gratuitos<br \/>\u2022Est\u00e1gios Internacionais (Erasmus+)<br \/>\u2022Projetos nacionais e internacionais<br \/>\u2022Parcerias com empresas e institui\u00e7\u00f5es<br \/>\u2022Apoio no prosseguimento de estudos<\/p><\/div>\n\t\t\t\t<\/div>\n\t\t\t\t<\/div>\n\t\t\t\t\t<\/div>\n\t\t<\/div>\n\t\t\t\t\t\t\t<\/div>\n\t\t<\/section>\n\t\t\t\t\t<\/div>\n\t\t<\/div>\n\t\t\t\t\t\t\t<\/div>\n\t\t<\/section>\n\t\t\t\t<section class=\"elementor-section elementor-top-section elementor-element elementor-element-e90a943 elementor-section-boxed elementor-section-height-default elementor-section-height-default\" data-id=\"e90a943\" data-element_type=\"section\">\n\t\t\t\t\t\t<div class=\"elementor-container elementor-column-gap-default\">\n\t\t\t\t\t<div class=\"elementor-column elementor-col-50 elementor-top-column elementor-element elementor-element-2126f92\" data-id=\"2126f92\" data-element_type=\"column\">\n\t\t\t<div class=\"elementor-widget-wrap elementor-element-populated\">\n\t\t\t\t\t\t\t\t<div class=\"elementor-element elementor-element-43a347a elementor-widget elementor-widget-heading\" data-id=\"43a347a\" data-element_type=\"widget\" data-widget_type=\"heading.default\">\n\t\t\t\t<div class=\"elementor-widget-container\">\n\t\t\t<h4 class=\"elementor-heading-title elementor-size-default\">Qual a certifica\u00e7\u00e3o?<\/h4>\t\t<\/div>\n\t\t\t\t<\/div>\n\t\t\t\t<div class=\"elementor-element elementor-element-7818b1a elementor-widget-divider--view-line elementor-widget elementor-widget-divider\" data-id=\"7818b1a\" data-element_type=\"widget\" data-widget_type=\"divider.default\">\n\t\t\t\t<div class=\"elementor-widget-container\">\n\t\t\t\t\t<div class=\"elementor-divider\">\n\t\t\t<span class=\"elementor-divider-separator\">\n\t\t\t\t\t\t<\/span>\n\t\t<\/div>\n\t\t\t\t<\/div>\n\t\t\t\t<\/div>\n\t\t\t\t<div class=\"elementor-element elementor-element-d8f9f49 elementor-widget elementor-widget-text-editor\" data-id=\"d8f9f49\" data-element_type=\"widget\" data-widget_type=\"text-editor.default\">\n\t\t\t\t<div class=\"elementor-widget-container\">\n\t\t\t\t\t<div class=\"elementor-text-editor elementor-clearfix\"><p>No final do curso, os alunos obt\u00eam uma dupla certifica\u00e7\u00e3o &#8211; o ensino secund\u00e1rio e uma certifica\u00e7\u00e3o profissional &#8211; conferindo o n\u00edvel 4 de qualifica\u00e7\u00e3o do Quadro Nacional de Qualifica\u00e7\u00f5es &#8211; Portaria n.\u00ba 782\/2009, 23 de julho.<\/p><p><span style=\"font-size: 16px; font-style: normal; font-weight: 400;\">A conclus\u00e3o do ensino secund\u00e1rio nos Cursos Profissionais est\u00e1 dependente da aprova\u00e7\u00e3o em todas as disciplinas e UFCD, na Forma\u00e7\u00e3o em Contexto de Trabalho e na Prova de Aptid\u00e3o Profissional.<\/span><\/p><p>\u00a0<\/p><\/div>\n\t\t\t\t<\/div>\n\t\t\t\t<\/div>\n\t\t\t\t<div class=\"elementor-element elementor-element-9e54541 elementor-widget elementor-widget-text-editor\" data-id=\"9e54541\" data-element_type=\"widget\" data-widget_type=\"text-editor.default\">\n\t\t\t\t<div class=\"elementor-widget-container\">\n\t\t\t\t\t<div class=\"elementor-text-editor elementor-clearfix\">O plano de estudos inclui tr\u00eas componentes de forma\u00e7\u00e3o:\n\n&#8211; Sociocultural;\n\n<span style=\"font-size: 16px;\">\u00a0 \u00a0 &#8211; Cient\u00edfica;<\/span>\n\n<span style=\"font-size: 16px;\">\u00a0 \u00a0 &#8211; Tecnol\u00f3gica.<\/span><\/div>\n\t\t\t\t<\/div>\n\t\t\t\t<\/div>\n\t\t\t\t\t<\/div>\n\t\t<\/div>\n\t\t\t\t<div class=\"elementor-column elementor-col-50 elementor-top-column elementor-element elementor-element-e03a328\" data-id=\"e03a328\" data-element_type=\"column\">\n\t\t\t<div class=\"elementor-widget-wrap elementor-element-populated\">\n\t\t\t\t\t\t\t\t<div class=\"elementor-element elementor-element-903c186 elementor-widget elementor-widget-heading\" data-id=\"903c186\" data-element_type=\"widget\" data-widget_type=\"heading.default\">\n\t\t\t\t<div class=\"elementor-widget-container\">\n\t\t\t<h4 class=\"elementor-heading-title elementor-size-default\">Fa\u00e7a a sua Pr\u00e9-Inscri\u00e7\u00e3o<\/h4>\t\t<\/div>\n\t\t\t\t<\/div>\n\t\t\t\t<div class=\"elementor-element elementor-element-23d597c elementor-widget-divider--view-line elementor-widget elementor-widget-divider\" data-id=\"23d597c\" data-element_type=\"widget\" data-widget_type=\"divider.default\">\n\t\t\t\t<div class=\"elementor-widget-container\">\n\t\t\t\t\t<div class=\"elementor-divider\">\n\t\t\t<span class=\"elementor-divider-separator\">\n\t\t\t\t\t\t<\/span>\n\t\t<\/div>\n\t\t\t\t<\/div>\n\t\t\t\t<\/div>\n\t\t\t\t<div class=\"elementor-element elementor-element-6d1a71e elementor-widget elementor-widget-text-editor\" data-id=\"6d1a71e\" data-element_type=\"widget\" data-widget_type=\"text-editor.default\">\n\t\t\t\t<div class=\"elementor-widget-container\">\n\t\t\t\t\t<div class=\"elementor-text-editor elementor-clearfix\"><p>Clique\u00a0<a href=\"https:\/\/forms.gle\/9qcUFrkHM4VWtd6x7\">aqui<\/a>\u00a0e fa\u00e7a a sua pr\u00e9-inscri\u00e7\u00e3o na oferta formativa 2024\/2025<\/p><\/div>\n\t\t\t\t<\/div>\n\t\t\t\t<\/div>\n\t\t\t\t\t<\/div>\n\t\t<\/div>\n\t\t\t\t\t\t\t<\/div>\n\t\t<\/section>\n\t\t\t\t<section class=\"elementor-section elementor-top-section elementor-element elementor-element-2dc5c26 elementor-section-boxed elementor-section-height-default elementor-section-height-default\" data-id=\"2dc5c26\" data-element_type=\"section\">\n\t\t\t\t\t\t<div class=\"elementor-container elementor-column-gap-default\">\n\t\t\t\t\t<div class=\"elementor-column elementor-col-50 elementor-top-column elementor-element elementor-element-3942fc2\" data-id=\"3942fc2\" data-element_type=\"column\">\n\t\t\t<div class=\"elementor-widget-wrap elementor-element-populated\">\n\t\t\t\t\t\t\t\t<div class=\"elementor-element elementor-element-33c5615 elementor-widget elementor-widget-image\" data-id=\"33c5615\" data-element_type=\"widget\" data-widget_type=\"image.default\">\n\t\t\t\t<div class=\"elementor-widget-container\">\n\t\t\t\t\t<div class=\"elementor-image\">\n\t\t\t\t\t\t\t\t\t\t<img width=\"300\" height=\"26\" src=\"https:\/\/profissionais.aecister.pt\/wp-content\/uploads\/2024\/04\/pessoas2030-300x26.png\" class=\"attachment-medium size-medium\" alt=\"\" loading=\"lazy\" srcset=\"https:\/\/profissionais.aecister.pt\/wp-content\/uploads\/2024\/04\/pessoas2030-300x26.png 300w, https:\/\/profissionais.aecister.pt\/wp-content\/uploads\/2024\/04\/pessoas2030-1024x89.png 1024w, https:\/\/profissionais.aecister.pt\/wp-content\/uploads\/2024\/04\/pessoas2030-768x67.png 768w, https:\/\/profissionais.aecister.pt\/wp-content\/uploads\/2024\/04\/pessoas2030-1536x133.png 1536w, https:\/\/profissionais.aecister.pt\/wp-content\/uploads\/2024\/04\/pessoas2030.png 1832w\" sizes=\"(max-width: 300px) 100vw, 300px\" \/>\t\t\t\t\t\t\t\t\t\t\t<\/div>\n\t\t\t\t<\/div>\n\t\t\t\t<\/div>\n\t\t\t\t\t<\/div>\n\t\t<\/div>\n\t\t\t\t<div class=\"elementor-column elementor-col-50 elementor-top-column elementor-element elementor-element-a0724b6\" data-id=\"a0724b6\" data-element_type=\"column\">\n\t\t\t<div class=\"elementor-widget-wrap elementor-element-populated\">\n\t\t\t\t\t\t\t\t<div class=\"elementor-element elementor-element-db8ef59 elementor-widget elementor-widget-image\" data-id=\"db8ef59\" data-element_type=\"widget\" data-widget_type=\"image.default\">\n\t\t\t\t<div class=\"elementor-widget-container\">\n\t\t\t\t\t<div class=\"elementor-image\">\n\t\t\t\t\t\t\t\t\t\t<img width=\"300\" height=\"117\" src=\"https:\/\/profissionais.aecister.pt\/wp-content\/uploads\/2021\/02\/Logo-Republica-Portuguesa-Educacao-Vertical-300x117.jpg\" class=\"attachment-medium size-medium\" alt=\"\" loading=\"lazy\" srcset=\"https:\/\/profissionais.aecister.pt\/wp-content\/uploads\/2021\/02\/Logo-Republica-Portuguesa-Educacao-Vertical-300x117.jpg 300w, https:\/\/profissionais.aecister.pt\/wp-content\/uploads\/2021\/02\/Logo-Republica-Portuguesa-Educacao-Vertical.jpg 454w\" sizes=\"(max-width: 300px) 100vw, 300px\" \/>\t\t\t\t\t\t\t\t\t\t\t<\/div>\n\t\t\t\t<\/div>\n\t\t\t\t<\/div>\n\t\t\t\t\t<\/div>\n\t\t<\/div>\n\t\t\t\t\t\t\t<\/div>\n\t\t<\/section>\n\t\t\t\t\t\t<\/div>\n\t\t\t\t\t<\/div>\n\t\t","protected":false},"excerpt":{"rendered":"<p>para quem ? Os Cursos Profissionais podem ser os mais indicados para quem: concluiu o 9.\u00ba ano de escolaridade ou forma\u00e7\u00e3o equivalente; procura uma forma\u00e7\u00e3o mais pr\u00e1tica e orientada para o mercado de trabalho e\/ou prosseguir estudos superiores. Dura\u00e7\u00e3o: 3 anosPr\u00e9-requisitos: 9\u00ba ano completoIdade : Entre os 15 e 19 anosDiploma de Certifica\u00e7\u00e3o Profissional (N\u00edvel &hellip;<\/p>\n<p class=\"read-more\"> <a class=\"\" href=\"https:\/\/profissionais.aecister.pt\/index.php\/courses\/\"> <span class=\"screen-reader-text\">Courses<\/span> Read More &raquo;<\/a><\/p>\n","protected":false},"author":1,"featured_media":0,"parent":0,"menu_order":0,"comment_status":"closed","ping_status":"closed","template":"","meta":[],"yoast_head":"<!-- This site is optimized with the Yoast SEO plugin v15.8 - https:\/\/yoast.com\/wordpress\/plugins\/seo\/ -->\n<title>Courses - Cursos Profissionais<\/title>\n<meta name=\"robots\" content=\"index, follow, max-snippet:-1, max-image-preview:large, max-video-preview:-1\" \/>\n<link rel=\"canonical\" href=\"https:\/\/profissionais.aecister.pt\/index.php\/courses\/\" \/>\n<meta property=\"og:locale\" content=\"pt_PT\" \/>\n<meta property=\"og:type\" content=\"article\" \/>\n<meta property=\"og:title\" content=\"Courses - Cursos Profissionais\" \/>\n<meta property=\"og:description\" content=\"para quem ? Os Cursos Profissionais podem ser os mais indicados para quem: concluiu o 9.\u00ba ano de escolaridade ou forma\u00e7\u00e3o equivalente; procura uma forma\u00e7\u00e3o mais pr\u00e1tica e orientada para o mercado de trabalho e\/ou prosseguir estudos superiores. Dura\u00e7\u00e3o: 3 anosPr\u00e9-requisitos: 9\u00ba ano completoIdade : Entre os 15 e 19 anosDiploma de Certifica\u00e7\u00e3o Profissional (N\u00edvel &hellip; Courses Read More &raquo;\" \/>\n<meta property=\"og:url\" content=\"https:\/\/profissionais.aecister.pt\/index.php\/courses\/\" \/>\n<meta property=\"og:site_name\" content=\"Cursos Profissionais\" \/>\n<meta property=\"article:modified_time\" content=\"2024-04-07T23:19:46+00:00\" \/>\n<meta property=\"og:image\" content=\"https:\/\/profissionais.aecister.pt\/wp-content\/uploads\/2021\/02\/person-using-macbook.jpg\" \/>\n<meta name=\"twitter:card\" content=\"summary_large_image\" \/>\n<meta name=\"twitter:label1\" content=\"Est. reading time\">\n\t<meta name=\"twitter:data1\" content=\"2 minutos\">\n<script type=\"application\/ld+json\" class=\"yoast-schema-graph\">{\"@context\":\"https:\/\/schema.org\",\"@graph\":[{\"@type\":\"WebSite\",\"@id\":\"https:\/\/profissionais.aecister.pt\/#website\",\"url\":\"https:\/\/profissionais.aecister.pt\/\",\"name\":\"Cursos Profissionais\",\"description\":\"Oferta Formativa\",\"potentialAction\":[{\"@type\":\"SearchAction\",\"target\":\"https:\/\/profissionais.aecister.pt\/?s={search_term_string}\",\"query-input\":\"required name=search_term_string\"}],\"inLanguage\":\"pt-PT\"},{\"@type\":\"ImageObject\",\"@id\":\"https:\/\/profissionais.aecister.pt\/index.php\/courses\/#primaryimage\",\"inLanguage\":\"pt-PT\",\"url\":\"https:\/\/profissionais.aecister.pt\/wp-content\/uploads\/2021\/02\/person-using-macbook.jpg\",\"width\":370,\"height\":250},{\"@type\":\"WebPage\",\"@id\":\"https:\/\/profissionais.aecister.pt\/index.php\/courses\/#webpage\",\"url\":\"https:\/\/profissionais.aecister.pt\/index.php\/courses\/\",\"name\":\"Courses - Cursos Profissionais\",\"isPartOf\":{\"@id\":\"https:\/\/profissionais.aecister.pt\/#website\"},\"primaryImageOfPage\":{\"@id\":\"https:\/\/profissionais.aecister.pt\/index.php\/courses\/#primaryimage\"},\"datePublished\":\"2018-02-12T14:48:01+00:00\",\"dateModified\":\"2024-04-07T23:19:46+00:00\",\"breadcrumb\":{\"@id\":\"https:\/\/profissionais.aecister.pt\/index.php\/courses\/#breadcrumb\"},\"inLanguage\":\"pt-PT\",\"potentialAction\":[{\"@type\":\"ReadAction\",\"target\":[\"https:\/\/profissionais.aecister.pt\/index.php\/courses\/\"]}]},{\"@type\":\"BreadcrumbList\",\"@id\":\"https:\/\/profissionais.aecister.pt\/index.php\/courses\/#breadcrumb\",\"itemListElement\":[{\"@type\":\"ListItem\",\"position\":1,\"item\":{\"@type\":\"WebPage\",\"@id\":\"https:\/\/profissionais.aecister.pt\/\",\"url\":\"https:\/\/profissionais.aecister.pt\/\",\"name\":\"Home\"}},{\"@type\":\"ListItem\",\"position\":2,\"item\":{\"@type\":\"WebPage\",\"@id\":\"https:\/\/profissionais.aecister.pt\/index.php\/courses\/\",\"url\":\"https:\/\/profissionais.aecister.pt\/index.php\/courses\/\",\"name\":\"Courses\"}}]}]}<\/script>\n<!-- \/ Yoast SEO plugin. -->","_links":{"self":[{"href":"https:\/\/profissionais.aecister.pt\/index.php\/wp-json\/wp\/v2\/pages\/24561"}],"collection":[{"href":"https:\/\/profissionais.aecister.pt\/index.php\/wp-json\/wp\/v2\/pages"}],"about":[{"href":"https:\/\/profissionais.aecister.pt\/index.php\/wp-json\/wp\/v2\/types\/page"}],"author":[{"embeddable":true,"href":"https:\/\/profissionais.aecister.pt\/index.php\/wp-json\/wp\/v2\/users\/1"}],"replies":[{"embeddable":true,"href":"https:\/\/profissionais.aecister.pt\/index.php\/wp-json\/wp\/v2\/comments?post=24561"}],"version-history":[{"count":65,"href":"https:\/\/profissionais.aecister.pt\/index.php\/wp-json\/wp\/v2\/pages\/24561\/revisions"}],"predecessor-version":[{"id":25500,"href":"https:\/\/profissionais.aecister.pt\/index.php\/wp-json\/wp\/v2\/pages\/24561\/revisions\/25500"}],"wp:attachment":[{"href":"https:\/\/profissionais.aecister.pt\/index.php\/wp-json\/wp\/v2\/media?parent=24561"}],"curies":[{"name":"wp","href":"https:\/\/api.w.org\/{rel}","templated":true}]}}