{"id":24997,"date":"2021-02-14T16:09:51","date_gmt":"2021-02-14T16:09:51","guid":{"rendered":"https:\/\/profissionais.aecister.pt\/?page_id=24997"},"modified":"2024-04-08T18:29:36","modified_gmt":"2024-04-08T18:29:36","slug":"tgpsi","status":"publish","type":"page","link":"https:\/\/profissionais.aecister.pt\/index.php\/tgpsi\/","title":{"rendered":"TGPSI"},"content":{"rendered":"\t\t<div data-elementor-type=\"wp-page\" data-elementor-id=\"24997\" class=\"elementor elementor-24997\" data-elementor-settings=\"[]\">\n\t\t\t\t\t\t\t<div class=\"elementor-section-wrap\">\n\t\t\t\t\t\t\t<section class=\"elementor-section elementor-top-section elementor-element elementor-element-e26d2f8 elementor-section-boxed elementor-section-height-default elementor-section-height-default\" data-id=\"e26d2f8\" data-element_type=\"section\">\n\t\t\t\t\t\t<div class=\"elementor-container elementor-column-gap-default\">\n\t\t\t\t\t<div class=\"elementor-column elementor-col-100 elementor-top-column elementor-element elementor-element-4a9ea15\" data-id=\"4a9ea15\" data-element_type=\"column\">\n\t\t\t<div class=\"elementor-widget-wrap elementor-element-populated\">\n\t\t\t\t\t\t\t\t<div class=\"elementor-element elementor-element-37757f3 elementor-widget elementor-widget-heading\" data-id=\"37757f3\" data-element_type=\"widget\" data-widget_type=\"heading.default\">\n\t\t\t\t<div class=\"elementor-widget-container\">\n\t\t\t<h2 class=\"elementor-heading-title elementor-size-default\">plano de estudos<\/h2>\t\t<\/div>\n\t\t\t\t<\/div>\n\t\t\t\t<section class=\"elementor-section elementor-inner-section elementor-element elementor-element-d504836 elementor-section-boxed elementor-section-height-default elementor-section-height-default\" data-id=\"d504836\" data-element_type=\"section\">\n\t\t\t\t\t\t<div class=\"elementor-container elementor-column-gap-default\">\n\t\t\t\t\t<div class=\"elementor-column elementor-col-100 elementor-inner-column elementor-element elementor-element-b69f8bd\" data-id=\"b69f8bd\" data-element_type=\"column\">\n\t\t\t<div class=\"elementor-widget-wrap elementor-element-populated\">\n\t\t\t\t\t\t\t\t<div class=\"elementor-element elementor-element-3816097 elementor-widget elementor-widget-image\" data-id=\"3816097\" data-element_type=\"widget\" data-widget_type=\"image.default\">\n\t\t\t\t<div class=\"elementor-widget-container\">\n\t\t\t\t\t<div class=\"elementor-image\">\n\t\t\t\t\t\t\t\t\t\t<img width=\"404\" height=\"247\" src=\"https:\/\/profissionais.aecister.pt\/wp-content\/uploads\/2024\/04\/TIS.png\" class=\"attachment-2048x2048 size-2048x2048\" alt=\"\" loading=\"lazy\" srcset=\"https:\/\/profissionais.aecister.pt\/wp-content\/uploads\/2024\/04\/TIS.png 404w, https:\/\/profissionais.aecister.pt\/wp-content\/uploads\/2024\/04\/TIS-300x183.png 300w\" sizes=\"(max-width: 404px) 100vw, 404px\" \/>\t\t\t\t\t\t\t\t\t\t\t<\/div>\n\t\t\t\t<\/div>\n\t\t\t\t<\/div>\n\t\t\t\t\t<\/div>\n\t\t<\/div>\n\t\t\t\t\t\t\t<\/div>\n\t\t<\/section>\n\t\t\t\t\t<\/div>\n\t\t<\/div>\n\t\t\t\t\t\t\t<\/div>\n\t\t<\/section>\n\t\t\t\t<section class=\"elementor-section elementor-top-section elementor-element elementor-element-6bf33371 elementor-section-boxed elementor-section-height-default elementor-section-height-default\" data-id=\"6bf33371\" data-element_type=\"section\">\n\t\t\t\t\t\t<div class=\"elementor-container elementor-column-gap-default\">\n\t\t\t\t\t<div class=\"elementor-column elementor-col-100 elementor-top-column elementor-element elementor-element-68a8aa1e\" data-id=\"68a8aa1e\" data-element_type=\"column\">\n\t\t\t<div class=\"elementor-widget-wrap elementor-element-populated\">\n\t\t\t\t\t\t\t\t<div class=\"elementor-element elementor-element-44c0bf9 elementor-widget elementor-widget-heading\" data-id=\"44c0bf9\" data-element_type=\"widget\" data-widget_type=\"heading.default\">\n\t\t\t\t<div class=\"elementor-widget-container\">\n\t\t\t<h2 class=\"elementor-heading-title elementor-size-default\">aptid\u00f5es<\/h2>\t\t<\/div>\n\t\t\t\t<\/div>\n\t\t\t\t<div class=\"elementor-element elementor-element-c5643c3 elementor-widget elementor-widget-text-editor\" data-id=\"c5643c3\" data-element_type=\"widget\" data-widget_type=\"text-editor.default\">\n\t\t\t\t<div class=\"elementor-widget-container\">\n\t\t\t\t\t<div class=\"elementor-text-editor elementor-clearfix\"><ul style=\"margin-top: 1.5em; margin-left: 0px; padding-left: 1.25em; color: #333333; font-family: Oxygen, arial, helvetica, sans-serif; font-size: 16px; font-style: normal; font-weight: 400;\"><li style=\"box-sizing: inherit;\">Efetuar a montagem, instala\u00e7\u00e3o e utiliza\u00e7\u00e3o de sistemas inform\u00e1ticos;<\/li><li style=\"box-sizing: inherit;\">Instalar, configurar e administrar sistemas operativos de rede e aplica\u00e7\u00f5es de comunica\u00e7\u00e3o de dados;<\/li><li style=\"box-sizing: inherit;\">Planear e desenvolver solu\u00e7\u00f5es inform\u00e1ticas;<\/li><li style=\"box-sizing: inherit;\">Diagnosticar e proceder \u00e0 corre\u00e7\u00e3o de falhas no funcionamento de sistemas inform\u00e1ticos;<\/li><li style=\"box-sizing: inherit;\">Instalar e configurar computadores, isolados ou em redes, dispositivos, perif\u00e9ricos e programas inform\u00e1ticos;<\/li><li style=\"box-sizing: inherit;\">Selecionar e instalar programas de aplica\u00e7\u00e3o a partir da avalia\u00e7\u00e3o das necessidades do utilizador;<\/li><li style=\"box-sizing: inherit;\">Planificar, executar e atualizar p\u00e1ginas interativas para a internet;<\/li><li style=\"box-sizing: inherit;\">Efetuar a manuten\u00e7\u00e3o preventiva em sistemas inform\u00e1ticos instalados.<\/li><\/ul><\/div>\n\t\t\t\t<\/div>\n\t\t\t\t<\/div>\n\t\t\t\t<div class=\"elementor-element elementor-element-2511cd0f elementor-widget elementor-widget-heading\" data-id=\"2511cd0f\" data-element_type=\"widget\" data-widget_type=\"heading.default\">\n\t\t\t\t<div class=\"elementor-widget-container\">\n\t\t\t<h2 class=\"elementor-heading-title elementor-size-default\">sa\u00eddas profissionais<\/h2>\t\t<\/div>\n\t\t\t\t<\/div>\n\t\t\t\t<section class=\"elementor-section elementor-inner-section elementor-element elementor-element-ecee3f0 elementor-section-boxed elementor-section-height-default elementor-section-height-default\" data-id=\"ecee3f0\" data-element_type=\"section\">\n\t\t\t\t\t\t<div class=\"elementor-container elementor-column-gap-default\">\n\t\t\t\t\t<div class=\"elementor-column elementor-col-100 elementor-inner-column elementor-element elementor-element-2a8b88b\" data-id=\"2a8b88b\" data-element_type=\"column\">\n\t\t\t<div class=\"elementor-widget-wrap elementor-element-populated\">\n\t\t\t\t\t\t\t\t<div class=\"elementor-element elementor-element-9c12bd4 elementor-widget elementor-widget-text-editor\" data-id=\"9c12bd4\" data-element_type=\"widget\" data-widget_type=\"text-editor.default\">\n\t\t\t\t<div class=\"elementor-widget-container\">\n\t\t\t\t\t<div class=\"elementor-text-editor elementor-clearfix\"><ul style=\"margin-top: 1.5em; margin-left: 0px; padding-left: 1.25em; color: #333333; font-family: Oxygen, arial, helvetica, sans-serif; font-size: 16px; font-style: normal; font-weight: 400;\"><li style=\"box-sizing: inherit;\">Empresas fornecedoras de solu\u00e7\u00f5es inform\u00e1ticas de hardware;<\/li><li style=\"box-sizing: inherit;\">Empresas de manuten\u00e7\u00e3o de hardware e vendedores de equipamentos inform\u00e1ticos;<\/li><li style=\"box-sizing: inherit;\">Empresas e institui\u00e7\u00f5es detentoras de equipamentos e sistemas inform\u00e1ticos;<\/li><li style=\"box-sizing: inherit;\">Outras empresas com necessidades de operadores ou formadoras de inform\u00e1tica<\/li><\/ul><\/div>\n\t\t\t\t<\/div>\n\t\t\t\t<\/div>\n\t\t\t\t\t<\/div>\n\t\t<\/div>\n\t\t\t\t\t\t\t<\/div>\n\t\t<\/section>\n\t\t\t\t<div class=\"elementor-element elementor-element-ebcfb0c elementor-widget elementor-widget-heading\" data-id=\"ebcfb0c\" data-element_type=\"widget\" data-widget_type=\"heading.default\">\n\t\t\t\t<div class=\"elementor-widget-container\">\n\t\t\t<h2 class=\"elementor-heading-title elementor-size-default\">Testemunhos<\/h2>\t\t<\/div>\n\t\t\t\t<\/div>\n\t\t\t\t<div class=\"elementor-element elementor-element-524a6ac elementor-widget__width-initial elementor-widget elementor-widget-text-editor\" data-id=\"524a6ac\" data-element_type=\"widget\" data-widget_type=\"text-editor.default\">\n\t\t\t\t<div class=\"elementor-widget-container\">\n\t\t\t\t\t<div class=\"elementor-text-editor elementor-clearfix\"><\/div>\n\t\t\t\t<\/div>\n\t\t\t\t<\/div>\n\t\t\t\t\t<\/div>\n\t\t<\/div>\n\t\t\t\t\t\t\t<\/div>\n\t\t<\/section>\n\t\t\t\t<section class=\"elementor-section elementor-top-section elementor-element elementor-element-849b949 elementor-section-boxed elementor-section-height-default elementor-section-height-default\" data-id=\"849b949\" data-element_type=\"section\">\n\t\t\t\t\t\t<div class=\"elementor-container elementor-column-gap-default\">\n\t\t\t\t\t<div class=\"elementor-column elementor-col-100 elementor-top-column elementor-element elementor-element-9fc5318\" data-id=\"9fc5318\" data-element_type=\"column\">\n\t\t\t<div class=\"elementor-widget-wrap elementor-element-populated\">\n\t\t\t\t\t\t\t\t<div class=\"elementor-element elementor-element-9020711 elementor-absolute elementor-widget elementor-widget-button\" data-id=\"9020711\" data-element_type=\"widget\" data-settings=\"{&quot;_position&quot;:&quot;absolute&quot;}\" data-widget_type=\"button.default\">\n\t\t\t\t<div class=\"elementor-widget-container\">\n\t\t\t\t\t<div class=\"elementor-button-wrapper\">\n\t\t\t<a href=\"https:\/\/forms.gle\/9qcUFrkHM4VWtd6x7\" class=\"elementor-button-link elementor-button elementor-size-sm\" role=\"button\">\n\t\t\t\t\t\t<span class=\"elementor-button-content-wrapper\">\n\t\t\t\t\t\t<span class=\"elementor-button-text\">PR\u00c9-INSCRI\u00c7\u00c3O<\/span>\n\t\t<\/span>\n\t\t\t\t\t<\/a>\n\t\t<\/div>\n\t\t\t\t<\/div>\n\t\t\t\t<\/div>\n\t\t\t\t<div class=\"elementor-element elementor-element-13ebb4a elementor-widget elementor-widget-spacer\" data-id=\"13ebb4a\" data-element_type=\"widget\" data-widget_type=\"spacer.default\">\n\t\t\t\t<div class=\"elementor-widget-container\">\n\t\t\t\t\t<div class=\"elementor-spacer\">\n\t\t\t<div class=\"elementor-spacer-inner\"><\/div>\n\t\t<\/div>\n\t\t\t\t<\/div>\n\t\t\t\t<\/div>\n\t\t\t\t\t<\/div>\n\t\t<\/div>\n\t\t\t\t\t\t\t<\/div>\n\t\t<\/section>\n\t\t\t\t<section class=\"elementor-section elementor-top-section elementor-element elementor-element-57240865 elementor-section-boxed elementor-section-height-default elementor-section-height-default\" data-id=\"57240865\" data-element_type=\"section\">\n\t\t\t\t\t\t<div class=\"elementor-container elementor-column-gap-default\">\n\t\t\t\t\t<div class=\"elementor-column elementor-col-50 elementor-top-column elementor-element elementor-element-5a18e023\" data-id=\"5a18e023\" data-element_type=\"column\">\n\t\t\t<div class=\"elementor-widget-wrap elementor-element-populated\">\n\t\t\t\t\t\t\t\t<div class=\"elementor-element elementor-element-7c4ef84c elementor-widget elementor-widget-image\" data-id=\"7c4ef84c\" data-element_type=\"widget\" data-widget_type=\"image.default\">\n\t\t\t\t<div class=\"elementor-widget-container\">\n\t\t\t\t\t<div class=\"elementor-image\">\n\t\t\t\t\t\t\t\t\t\t<img width=\"300\" height=\"26\" src=\"https:\/\/profissionais.aecister.pt\/wp-content\/uploads\/2024\/04\/pessoas2030-300x26.png\" class=\"attachment-medium size-medium\" alt=\"\" loading=\"lazy\" srcset=\"https:\/\/profissionais.aecister.pt\/wp-content\/uploads\/2024\/04\/pessoas2030-300x26.png 300w, https:\/\/profissionais.aecister.pt\/wp-content\/uploads\/2024\/04\/pessoas2030-1024x89.png 1024w, https:\/\/profissionais.aecister.pt\/wp-content\/uploads\/2024\/04\/pessoas2030-768x67.png 768w, https:\/\/profissionais.aecister.pt\/wp-content\/uploads\/2024\/04\/pessoas2030-1536x133.png 1536w, https:\/\/profissionais.aecister.pt\/wp-content\/uploads\/2024\/04\/pessoas2030.png 1832w\" sizes=\"(max-width: 300px) 100vw, 300px\" \/>\t\t\t\t\t\t\t\t\t\t\t<\/div>\n\t\t\t\t<\/div>\n\t\t\t\t<\/div>\n\t\t\t\t\t<\/div>\n\t\t<\/div>\n\t\t\t\t<div class=\"elementor-column elementor-col-50 elementor-top-column elementor-element elementor-element-7c31635b\" data-id=\"7c31635b\" data-element_type=\"column\">\n\t\t\t<div class=\"elementor-widget-wrap elementor-element-populated\">\n\t\t\t\t\t\t\t\t<div class=\"elementor-element elementor-element-3c503f8c elementor-widget elementor-widget-image\" data-id=\"3c503f8c\" data-element_type=\"widget\" data-widget_type=\"image.default\">\n\t\t\t\t<div class=\"elementor-widget-container\">\n\t\t\t\t\t<div class=\"elementor-image\">\n\t\t\t\t\t\t\t\t\t\t<img width=\"300\" height=\"142\" src=\"https:\/\/profissionais.aecister.pt\/wp-content\/uploads\/2024\/04\/RP_Edu_2024-1-300x142.png\" class=\"attachment-medium size-medium\" alt=\"\" loading=\"lazy\" srcset=\"https:\/\/profissionais.aecister.pt\/wp-content\/uploads\/2024\/04\/RP_Edu_2024-1-300x142.png 300w, https:\/\/profissionais.aecister.pt\/wp-content\/uploads\/2024\/04\/RP_Edu_2024-1-1024x484.png 1024w, https:\/\/profissionais.aecister.pt\/wp-content\/uploads\/2024\/04\/RP_Edu_2024-1-768x363.png 768w, https:\/\/profissionais.aecister.pt\/wp-content\/uploads\/2024\/04\/RP_Edu_2024-1-1536x726.png 1536w, https:\/\/profissionais.aecister.pt\/wp-content\/uploads\/2024\/04\/RP_Edu_2024-1-2048x968.png 2048w\" sizes=\"(max-width: 300px) 100vw, 300px\" \/>\t\t\t\t\t\t\t\t\t\t\t<\/div>\n\t\t\t\t<\/div>\n\t\t\t\t<\/div>\n\t\t\t\t\t<\/div>\n\t\t<\/div>\n\t\t\t\t\t\t\t<\/div>\n\t\t<\/section>\n\t\t\t\t\t\t<\/div>\n\t\t\t\t\t<\/div>\n\t\t","protected":false},"excerpt":{"rendered":"<p>plano de estudos aptid\u00f5es Efetuar a montagem, instala\u00e7\u00e3o e utiliza\u00e7\u00e3o de sistemas inform\u00e1ticos; Instalar, configurar e administrar sistemas operativos de rede e aplica\u00e7\u00f5es de comunica\u00e7\u00e3o de dados; Planear e desenvolver solu\u00e7\u00f5es inform\u00e1ticas; Diagnosticar e proceder \u00e0 corre\u00e7\u00e3o de falhas no funcionamento de sistemas inform\u00e1ticos; Instalar e configurar computadores, isolados ou em redes, dispositivos, perif\u00e9ricos e &hellip;<\/p>\n<p class=\"read-more\"> <a class=\"\" href=\"https:\/\/profissionais.aecister.pt\/index.php\/tgpsi\/\"> <span class=\"screen-reader-text\">TGPSI<\/span> Read More &raquo;<\/a><\/p>\n","protected":false},"author":1,"featured_media":0,"parent":0,"menu_order":0,"comment_status":"closed","ping_status":"closed","template":"","meta":[],"yoast_head":"<!-- This site is optimized with the Yoast SEO plugin v15.8 - https:\/\/yoast.com\/wordpress\/plugins\/seo\/ -->\n<title>TGPSI - Cursos Profissionais<\/title>\n<meta name=\"robots\" content=\"index, follow, max-snippet:-1, max-image-preview:large, max-video-preview:-1\" \/>\n<link rel=\"canonical\" href=\"https:\/\/profissionais.aecister.pt\/index.php\/tgpsi\/\" \/>\n<meta property=\"og:locale\" content=\"pt_PT\" \/>\n<meta property=\"og:type\" content=\"article\" \/>\n<meta property=\"og:title\" content=\"TGPSI - Cursos Profissionais\" \/>\n<meta property=\"og:description\" content=\"plano de estudos aptid\u00f5es Efetuar a montagem, instala\u00e7\u00e3o e utiliza\u00e7\u00e3o de sistemas inform\u00e1ticos; Instalar, configurar e administrar sistemas operativos de rede e aplica\u00e7\u00f5es de comunica\u00e7\u00e3o de dados; Planear e desenvolver solu\u00e7\u00f5es inform\u00e1ticas; Diagnosticar e proceder \u00e0 corre\u00e7\u00e3o de falhas no funcionamento de sistemas inform\u00e1ticos; Instalar e configurar computadores, isolados ou em redes, dispositivos, perif\u00e9ricos e &hellip; TGPSI Read More &raquo;\" \/>\n<meta property=\"og:url\" content=\"https:\/\/profissionais.aecister.pt\/index.php\/tgpsi\/\" \/>\n<meta property=\"og:site_name\" content=\"Cursos Profissionais\" \/>\n<meta property=\"article:modified_time\" content=\"2024-04-08T18:29:36+00:00\" \/>\n<meta property=\"og:image\" content=\"https:\/\/profissionais.aecister.pt\/wp-content\/uploads\/2024\/04\/TIS.png\" \/>\n<meta name=\"twitter:card\" content=\"summary_large_image\" \/>\n<meta name=\"twitter:label1\" content=\"Est. reading time\">\n\t<meta name=\"twitter:data1\" content=\"2 minutos\">\n<script type=\"application\/ld+json\" class=\"yoast-schema-graph\">{\"@context\":\"https:\/\/schema.org\",\"@graph\":[{\"@type\":\"WebSite\",\"@id\":\"https:\/\/profissionais.aecister.pt\/#website\",\"url\":\"https:\/\/profissionais.aecister.pt\/\",\"name\":\"Cursos Profissionais\",\"description\":\"Oferta Formativa\",\"potentialAction\":[{\"@type\":\"SearchAction\",\"target\":\"https:\/\/profissionais.aecister.pt\/?s={search_term_string}\",\"query-input\":\"required name=search_term_string\"}],\"inLanguage\":\"pt-PT\"},{\"@type\":\"ImageObject\",\"@id\":\"https:\/\/profissionais.aecister.pt\/index.php\/tgpsi\/#primaryimage\",\"inLanguage\":\"pt-PT\",\"url\":\"https:\/\/profissionais.aecister.pt\/wp-content\/uploads\/2024\/04\/TIS.png\",\"width\":404,\"height\":247},{\"@type\":\"WebPage\",\"@id\":\"https:\/\/profissionais.aecister.pt\/index.php\/tgpsi\/#webpage\",\"url\":\"https:\/\/profissionais.aecister.pt\/index.php\/tgpsi\/\",\"name\":\"TGPSI - Cursos Profissionais\",\"isPartOf\":{\"@id\":\"https:\/\/profissionais.aecister.pt\/#website\"},\"primaryImageOfPage\":{\"@id\":\"https:\/\/profissionais.aecister.pt\/index.php\/tgpsi\/#primaryimage\"},\"datePublished\":\"2021-02-14T16:09:51+00:00\",\"dateModified\":\"2024-04-08T18:29:36+00:00\",\"breadcrumb\":{\"@id\":\"https:\/\/profissionais.aecister.pt\/index.php\/tgpsi\/#breadcrumb\"},\"inLanguage\":\"pt-PT\",\"potentialAction\":[{\"@type\":\"ReadAction\",\"target\":[\"https:\/\/profissionais.aecister.pt\/index.php\/tgpsi\/\"]}]},{\"@type\":\"BreadcrumbList\",\"@id\":\"https:\/\/profissionais.aecister.pt\/index.php\/tgpsi\/#breadcrumb\",\"itemListElement\":[{\"@type\":\"ListItem\",\"position\":1,\"item\":{\"@type\":\"WebPage\",\"@id\":\"https:\/\/profissionais.aecister.pt\/\",\"url\":\"https:\/\/profissionais.aecister.pt\/\",\"name\":\"Home\"}},{\"@type\":\"ListItem\",\"position\":2,\"item\":{\"@type\":\"WebPage\",\"@id\":\"https:\/\/profissionais.aecister.pt\/index.php\/tgpsi\/\",\"url\":\"https:\/\/profissionais.aecister.pt\/index.php\/tgpsi\/\",\"name\":\"TGPSI\"}}]}]}<\/script>\n<!-- \/ Yoast SEO plugin. -->","_links":{"self":[{"href":"https:\/\/profissionais.aecister.pt\/index.php\/wp-json\/wp\/v2\/pages\/24997"}],"collection":[{"href":"https:\/\/profissionais.aecister.pt\/index.php\/wp-json\/wp\/v2\/pages"}],"about":[{"href":"https:\/\/profissionais.aecister.pt\/index.php\/wp-json\/wp\/v2\/types\/page"}],"author":[{"embeddable":true,"href":"https:\/\/profissionais.aecister.pt\/index.php\/wp-json\/wp\/v2\/users\/1"}],"replies":[{"embeddable":true,"href":"https:\/\/profissionais.aecister.pt\/index.php\/wp-json\/wp\/v2\/comments?post=24997"}],"version-history":[{"count":39,"href":"https:\/\/profissionais.aecister.pt\/index.php\/wp-json\/wp\/v2\/pages\/24997\/revisions"}],"predecessor-version":[{"id":25532,"href":"https:\/\/profissionais.aecister.pt\/index.php\/wp-json\/wp\/v2\/pages\/24997\/revisions\/25532"}],"wp:attachment":[{"href":"https:\/\/profissionais.aecister.pt\/index.php\/wp-json\/wp\/v2\/media?parent=24997"}],"curies":[{"name":"wp","href":"https:\/\/api.w.org\/{rel}","templated":true}]}}