{"id":25129,"date":"2021-02-18T01:26:56","date_gmt":"2021-02-18T01:26:56","guid":{"rendered":"https:\/\/profissionais.aecister.pt\/?page_id=25129"},"modified":"2024-02-27T12:33:11","modified_gmt":"2024-02-27T12:33:11","slug":"desporto","status":"publish","type":"page","link":"https:\/\/profissionais.aecister.pt\/index.php\/desporto\/","title":{"rendered":"TD"},"content":{"rendered":"\t\t<div data-elementor-type=\"wp-page\" data-elementor-id=\"25129\" class=\"elementor elementor-25129\" data-elementor-settings=\"[]\">\n\t\t\t\t\t\t\t<div class=\"elementor-section-wrap\">\n\t\t\t\t\t\t\t<section class=\"elementor-section elementor-top-section elementor-element elementor-element-d539373 elementor-section-boxed elementor-section-height-default elementor-section-height-default\" data-id=\"d539373\" data-element_type=\"section\">\n\t\t\t\t\t\t<div class=\"elementor-container elementor-column-gap-default\">\n\t\t\t\t\t<div class=\"elementor-column elementor-col-100 elementor-top-column elementor-element elementor-element-bb89f77\" data-id=\"bb89f77\" data-element_type=\"column\">\n\t\t\t<div class=\"elementor-widget-wrap elementor-element-populated\">\n\t\t\t\t\t\t\t\t<div class=\"elementor-element elementor-element-d850176 elementor-widget elementor-widget-heading\" data-id=\"d850176\" data-element_type=\"widget\" data-widget_type=\"heading.default\">\n\t\t\t\t<div class=\"elementor-widget-container\">\n\t\t\t<h2 class=\"elementor-heading-title elementor-size-default\">plano curricular<\/h2>\t\t<\/div>\n\t\t\t\t<\/div>\n\t\t\t\t<div class=\"elementor-element elementor-element-b695dba elementor-widget elementor-widget-image\" data-id=\"b695dba\" data-element_type=\"widget\" data-widget_type=\"image.default\">\n\t\t\t\t<div class=\"elementor-widget-container\">\n\t\t\t\t\t<div class=\"elementor-image\">\n\t\t\t\t\t\t\t\t\t\t<img width=\"805\" height=\"612\" src=\"https:\/\/profissionais.aecister.pt\/wp-content\/uploads\/2021\/02\/desp.png\" class=\"attachment-large size-large\" alt=\"\" loading=\"lazy\" srcset=\"https:\/\/profissionais.aecister.pt\/wp-content\/uploads\/2021\/02\/desp.png 805w, https:\/\/profissionais.aecister.pt\/wp-content\/uploads\/2021\/02\/desp-300x228.png 300w, https:\/\/profissionais.aecister.pt\/wp-content\/uploads\/2021\/02\/desp-768x584.png 768w\" sizes=\"(max-width: 805px) 100vw, 805px\" \/>\t\t\t\t\t\t\t\t\t\t\t<\/div>\n\t\t\t\t<\/div>\n\t\t\t\t<\/div>\n\t\t\t\t<div class=\"elementor-element elementor-element-09c608c elementor-widget elementor-widget-heading\" data-id=\"09c608c\" data-element_type=\"widget\" data-widget_type=\"heading.default\">\n\t\t\t\t<div class=\"elementor-widget-container\">\n\t\t\t<h2 class=\"elementor-heading-title elementor-size-default\">aptid\u00f5es<\/h2>\t\t<\/div>\n\t\t\t\t<\/div>\n\t\t\t\t<div class=\"elementor-element elementor-element-22d8473 elementor-widget elementor-widget-text-editor\" data-id=\"22d8473\" data-element_type=\"widget\" data-widget_type=\"text-editor.default\">\n\t\t\t\t<div class=\"elementor-widget-container\">\n\t\t\t\t\t<div class=\"elementor-text-editor elementor-clearfix\"><p><span style=\"font-size: 16px;\">Elaborar o plano anual de prepara\u00e7\u00e3o em colabora\u00e7\u00e3o com os t\u00e9cnicos de grau superior respons\u00e1veis pela modalidade desportiva;<\/span><\/p><p>Coadjuvar na prepara\u00e7\u00e3o e organiza\u00e7\u00e3o das sess\u00f5es de treino;<\/p><p>Orientar, com supervis\u00e3o de um t\u00e9cnico de grau superior, as sess\u00f5es de treino com vista ao aperfei\u00e7oamento dos praticantes na modalidade desportiva, promovendo o cumprimento das regras da modalidade e das regras de disciplina;<\/p><p>Organizar a participa\u00e7\u00e3o e orientar os praticantes em competi\u00e7\u00e3o, com supervis\u00e3o de um t\u00e9cnico de grau superior;<\/p><p>Colaborar na avalia\u00e7\u00e3o dos resultados das sess\u00f5es de treino em fun\u00e7\u00e3o da sua adequa\u00e7\u00e3o aos objetivos estabelecidos, sob supervis\u00e3o de um t\u00e9cnico de grau superior;<\/p><p>Participar, sob supervis\u00e3o de um t\u00e9cnico de grau superior, no planeamento e coadjuvar na implementa\u00e7\u00e3o de atividades, individuais ou de grupo, de melhoria da aptid\u00e3o f\u00edsica, no \u00e2mbito do treino desportivo;<\/p><p>Participar na conce\u00e7\u00e3o e implementa\u00e7\u00e3o de programas de atividades f\u00edsicas e desportivas em contexto de anima\u00e7\u00e3o e de ocupa\u00e7\u00e3o de tempos livres;<\/p><p>Colaborar na avalia\u00e7\u00e3o dos resultados das sess\u00f5es de treino em fun\u00e7\u00e3o da sua adequa\u00e7\u00e3o aos objetivos estabelecidos;<\/p><p>Coadjuvar o t\u00e9cnico superior no aconselhamento aos praticantes na adequa\u00e7\u00e3o de h\u00e1bitos saud\u00e1veis e de cuidados de higiene na sua vida quotidiana.<\/p><div>\u00a0<\/div><\/div>\n\t\t\t\t<\/div>\n\t\t\t\t<\/div>\n\t\t\t\t<div class=\"elementor-element elementor-element-699d368 elementor-widget elementor-widget-heading\" data-id=\"699d368\" data-element_type=\"widget\" data-widget_type=\"heading.default\">\n\t\t\t\t<div class=\"elementor-widget-container\">\n\t\t\t<h2 class=\"elementor-heading-title elementor-size-default\">sa\u00eddas profissionais<\/h2>\t\t<\/div>\n\t\t\t\t<\/div>\n\t\t\t\t<div class=\"elementor-element elementor-element-7a22146 elementor-widget elementor-widget-text-editor\" data-id=\"7a22146\" data-element_type=\"widget\" data-widget_type=\"text-editor.default\">\n\t\t\t\t<div class=\"elementor-widget-container\">\n\t\t\t\t\t<div class=\"elementor-text-editor elementor-clearfix\"><p>Autarquias<\/p><p>Clubes desportivos<\/p><p>Associa\u00e7\u00f5es desportivas<\/p><p>Empresas de aventura<\/p><p>Gin\u00e1sios<\/p><p>Organiza\u00e7\u00e3o de eventos<\/p><p>Com\u00e9rcio e fabrico de material desportivo<\/p><\/div>\n\t\t\t\t<\/div>\n\t\t\t\t<\/div>\n\t\t\t\t<div class=\"elementor-element elementor-element-2a59b96 elementor-widget elementor-widget-heading\" data-id=\"2a59b96\" data-element_type=\"widget\" data-widget_type=\"heading.default\">\n\t\t\t\t<div class=\"elementor-widget-container\">\n\t\t\t<h2 class=\"elementor-heading-title elementor-size-default\">TESTEMUNHOS<\/h2>\t\t<\/div>\n\t\t\t\t<\/div>\n\t\t\t\t<div class=\"elementor-element elementor-element-43521b1 elementor-widget__width-initial elementor-widget elementor-widget-text-editor\" data-id=\"43521b1\" data-element_type=\"widget\" data-widget_type=\"text-editor.default\">\n\t\t\t\t<div class=\"elementor-widget-container\">\n\t\t\t\t\t<div class=\"elementor-text-editor elementor-clearfix\"><p>O curso de T\u00e9cnico de Desporto tem sido uma experi\u00eancia enriquecedora, onde tenho a oportunidade de mergulhar em diversas \u00e1reas do universo esportivo. <br \/>Estou entusiasmado para aplicar esse conhecimento n\u00e3o apenas em contextos esportivos, mas tamb\u00e9m para promover um estilo de vida ativo e saud\u00e1vel em minha comunidade. <\/p><\/div>\n\t\t\t\t<\/div>\n\t\t\t\t<\/div>\n\t\t\t\t\t<\/div>\n\t\t<\/div>\n\t\t\t\t\t\t\t<\/div>\n\t\t<\/section>\n\t\t\t\t<section class=\"elementor-section elementor-top-section elementor-element elementor-element-5e58ed35 elementor-section-boxed elementor-section-height-default elementor-section-height-default\" data-id=\"5e58ed35\" data-element_type=\"section\">\n\t\t\t\t\t\t<div class=\"elementor-container elementor-column-gap-default\">\n\t\t\t\t\t<div class=\"elementor-column elementor-col-100 elementor-top-column elementor-element elementor-element-3342352b\" data-id=\"3342352b\" data-element_type=\"column\">\n\t\t\t<div class=\"elementor-widget-wrap elementor-element-populated\">\n\t\t\t\t\t\t\t\t<div class=\"elementor-element elementor-element-1960b662 elementor-absolute elementor-widget elementor-widget-button\" data-id=\"1960b662\" data-element_type=\"widget\" data-settings=\"{&quot;_position&quot;:&quot;absolute&quot;}\" data-widget_type=\"button.default\">\n\t\t\t\t<div class=\"elementor-widget-container\">\n\t\t\t\t\t<div class=\"elementor-button-wrapper\">\n\t\t\t<a href=\"https:\/\/docs.google.com\/forms\/d\/e\/1FAIpQLSd6esb0lytbdj10YqsPtlJs_BR24na9dVblgUJAl5TJuYdS1A\/viewform\" class=\"elementor-button-link elementor-button elementor-size-sm\" role=\"button\">\n\t\t\t\t\t\t<span class=\"elementor-button-content-wrapper\">\n\t\t\t\t\t\t<span class=\"elementor-button-text\">PR\u00c9-INSCRI\u00c7\u00c3O<\/span>\n\t\t<\/span>\n\t\t\t\t\t<\/a>\n\t\t<\/div>\n\t\t\t\t<\/div>\n\t\t\t\t<\/div>\n\t\t\t\t<div class=\"elementor-element elementor-element-16e89ab1 elementor-widget elementor-widget-spacer\" data-id=\"16e89ab1\" data-element_type=\"widget\" data-widget_type=\"spacer.default\">\n\t\t\t\t<div class=\"elementor-widget-container\">\n\t\t\t\t\t<div class=\"elementor-spacer\">\n\t\t\t<div class=\"elementor-spacer-inner\"><\/div>\n\t\t<\/div>\n\t\t\t\t<\/div>\n\t\t\t\t<\/div>\n\t\t\t\t\t<\/div>\n\t\t<\/div>\n\t\t\t\t\t\t\t<\/div>\n\t\t<\/section>\n\t\t\t\t<section class=\"elementor-section elementor-top-section elementor-element elementor-element-62b7fc5a elementor-section-boxed elementor-section-height-default elementor-section-height-default\" data-id=\"62b7fc5a\" data-element_type=\"section\">\n\t\t\t\t\t\t<div class=\"elementor-container elementor-column-gap-default\">\n\t\t\t\t\t<div class=\"elementor-column elementor-col-50 elementor-top-column elementor-element elementor-element-e6a76f5\" data-id=\"e6a76f5\" data-element_type=\"column\">\n\t\t\t<div class=\"elementor-widget-wrap elementor-element-populated\">\n\t\t\t\t\t\t\t\t<div class=\"elementor-element elementor-element-255121c8 elementor-widget elementor-widget-image\" data-id=\"255121c8\" data-element_type=\"widget\" data-widget_type=\"image.default\">\n\t\t\t\t<div class=\"elementor-widget-container\">\n\t\t\t\t\t<div class=\"elementor-image\">\n\t\t\t\t\t\t\t\t\t\t<img width=\"300\" height=\"61\" src=\"https:\/\/profissionais.aecister.pt\/wp-content\/uploads\/2021\/02\/POCH_PT2020_FSE_Bom-1-300x61.png\" class=\"attachment-medium size-medium\" alt=\"\" loading=\"lazy\" srcset=\"https:\/\/profissionais.aecister.pt\/wp-content\/uploads\/2021\/02\/POCH_PT2020_FSE_Bom-1-300x61.png 300w, https:\/\/profissionais.aecister.pt\/wp-content\/uploads\/2021\/02\/POCH_PT2020_FSE_Bom-1-1024x208.png 1024w, https:\/\/profissionais.aecister.pt\/wp-content\/uploads\/2021\/02\/POCH_PT2020_FSE_Bom-1-768x156.png 768w, https:\/\/profissionais.aecister.pt\/wp-content\/uploads\/2021\/02\/POCH_PT2020_FSE_Bom-1-1536x311.png 1536w, https:\/\/profissionais.aecister.pt\/wp-content\/uploads\/2021\/02\/POCH_PT2020_FSE_Bom-1-2048x415.png 2048w\" sizes=\"(max-width: 300px) 100vw, 300px\" \/>\t\t\t\t\t\t\t\t\t\t\t<\/div>\n\t\t\t\t<\/div>\n\t\t\t\t<\/div>\n\t\t\t\t\t<\/div>\n\t\t<\/div>\n\t\t\t\t<div class=\"elementor-column elementor-col-50 elementor-top-column elementor-element elementor-element-586b861e\" data-id=\"586b861e\" data-element_type=\"column\">\n\t\t\t<div class=\"elementor-widget-wrap elementor-element-populated\">\n\t\t\t\t\t\t\t\t<div class=\"elementor-element elementor-element-15fa6e60 elementor-widget elementor-widget-image\" data-id=\"15fa6e60\" data-element_type=\"widget\" data-widget_type=\"image.default\">\n\t\t\t\t<div class=\"elementor-widget-container\">\n\t\t\t\t\t<div class=\"elementor-image\">\n\t\t\t\t\t\t\t\t\t\t<img width=\"300\" height=\"117\" src=\"https:\/\/profissionais.aecister.pt\/wp-content\/uploads\/2021\/02\/Logo-Republica-Portuguesa-Educacao-Vertical-300x117.jpg\" class=\"attachment-medium size-medium\" alt=\"\" loading=\"lazy\" srcset=\"https:\/\/profissionais.aecister.pt\/wp-content\/uploads\/2021\/02\/Logo-Republica-Portuguesa-Educacao-Vertical-300x117.jpg 300w, https:\/\/profissionais.aecister.pt\/wp-content\/uploads\/2021\/02\/Logo-Republica-Portuguesa-Educacao-Vertical.jpg 454w\" sizes=\"(max-width: 300px) 100vw, 300px\" \/>\t\t\t\t\t\t\t\t\t\t\t<\/div>\n\t\t\t\t<\/div>\n\t\t\t\t<\/div>\n\t\t\t\t\t<\/div>\n\t\t<\/div>\n\t\t\t\t\t\t\t<\/div>\n\t\t<\/section>\n\t\t\t\t\t\t<\/div>\n\t\t\t\t\t<\/div>\n\t\t","protected":false},"excerpt":{"rendered":"<p>plano curricular aptid\u00f5es Elaborar o plano anual de prepara\u00e7\u00e3o em colabora\u00e7\u00e3o com os t\u00e9cnicos de grau superior respons\u00e1veis pela modalidade desportiva; Coadjuvar na prepara\u00e7\u00e3o e organiza\u00e7\u00e3o das sess\u00f5es de treino; Orientar, com supervis\u00e3o de um t\u00e9cnico de grau superior, as sess\u00f5es de treino com vista ao aperfei\u00e7oamento dos praticantes na modalidade desportiva, promovendo o cumprimento &hellip;<\/p>\n<p class=\"read-more\"> <a class=\"\" href=\"https:\/\/profissionais.aecister.pt\/index.php\/desporto\/\"> <span class=\"screen-reader-text\">TD<\/span> Read More &raquo;<\/a><\/p>\n","protected":false},"author":1,"featured_media":0,"parent":0,"menu_order":0,"comment_status":"closed","ping_status":"closed","template":"","meta":[],"yoast_head":"<!-- This site is optimized with the Yoast SEO plugin v15.8 - https:\/\/yoast.com\/wordpress\/plugins\/seo\/ -->\n<title>TD - Cursos Profissionais<\/title>\n<meta name=\"robots\" content=\"index, follow, max-snippet:-1, max-image-preview:large, max-video-preview:-1\" \/>\n<link rel=\"canonical\" href=\"https:\/\/profissionais.aecister.pt\/index.php\/desporto\/\" \/>\n<meta property=\"og:locale\" content=\"pt_PT\" \/>\n<meta property=\"og:type\" content=\"article\" \/>\n<meta property=\"og:title\" content=\"TD - Cursos Profissionais\" \/>\n<meta property=\"og:description\" content=\"plano curricular aptid\u00f5es Elaborar o plano anual de prepara\u00e7\u00e3o em colabora\u00e7\u00e3o com os t\u00e9cnicos de grau superior respons\u00e1veis pela modalidade desportiva; Coadjuvar na prepara\u00e7\u00e3o e organiza\u00e7\u00e3o das sess\u00f5es de treino; Orientar, com supervis\u00e3o de um t\u00e9cnico de grau superior, as sess\u00f5es de treino com vista ao aperfei\u00e7oamento dos praticantes na modalidade desportiva, promovendo o cumprimento &hellip; TD Read More &raquo;\" \/>\n<meta property=\"og:url\" content=\"https:\/\/profissionais.aecister.pt\/index.php\/desporto\/\" \/>\n<meta property=\"og:site_name\" content=\"Cursos Profissionais\" \/>\n<meta property=\"article:modified_time\" content=\"2024-02-27T12:33:11+00:00\" \/>\n<meta property=\"og:image\" content=\"https:\/\/profissionais.aecister.pt\/wp-content\/uploads\/2021\/02\/desp.png\" \/>\n<meta name=\"twitter:card\" content=\"summary_large_image\" \/>\n<meta name=\"twitter:label1\" content=\"Est. reading time\">\n\t<meta name=\"twitter:data1\" content=\"2 minutos\">\n<script type=\"application\/ld+json\" class=\"yoast-schema-graph\">{\"@context\":\"https:\/\/schema.org\",\"@graph\":[{\"@type\":\"WebSite\",\"@id\":\"https:\/\/profissionais.aecister.pt\/#website\",\"url\":\"https:\/\/profissionais.aecister.pt\/\",\"name\":\"Cursos Profissionais\",\"description\":\"Oferta Formativa\",\"potentialAction\":[{\"@type\":\"SearchAction\",\"target\":\"https:\/\/profissionais.aecister.pt\/?s={search_term_string}\",\"query-input\":\"required name=search_term_string\"}],\"inLanguage\":\"pt-PT\"},{\"@type\":\"ImageObject\",\"@id\":\"https:\/\/profissionais.aecister.pt\/index.php\/desporto\/#primaryimage\",\"inLanguage\":\"pt-PT\",\"url\":\"https:\/\/profissionais.aecister.pt\/wp-content\/uploads\/2021\/02\/desp.png\",\"width\":805,\"height\":612},{\"@type\":\"WebPage\",\"@id\":\"https:\/\/profissionais.aecister.pt\/index.php\/desporto\/#webpage\",\"url\":\"https:\/\/profissionais.aecister.pt\/index.php\/desporto\/\",\"name\":\"TD - Cursos Profissionais\",\"isPartOf\":{\"@id\":\"https:\/\/profissionais.aecister.pt\/#website\"},\"primaryImageOfPage\":{\"@id\":\"https:\/\/profissionais.aecister.pt\/index.php\/desporto\/#primaryimage\"},\"datePublished\":\"2021-02-18T01:26:56+00:00\",\"dateModified\":\"2024-02-27T12:33:11+00:00\",\"breadcrumb\":{\"@id\":\"https:\/\/profissionais.aecister.pt\/index.php\/desporto\/#breadcrumb\"},\"inLanguage\":\"pt-PT\",\"potentialAction\":[{\"@type\":\"ReadAction\",\"target\":[\"https:\/\/profissionais.aecister.pt\/index.php\/desporto\/\"]}]},{\"@type\":\"BreadcrumbList\",\"@id\":\"https:\/\/profissionais.aecister.pt\/index.php\/desporto\/#breadcrumb\",\"itemListElement\":[{\"@type\":\"ListItem\",\"position\":1,\"item\":{\"@type\":\"WebPage\",\"@id\":\"https:\/\/profissionais.aecister.pt\/\",\"url\":\"https:\/\/profissionais.aecister.pt\/\",\"name\":\"Home\"}},{\"@type\":\"ListItem\",\"position\":2,\"item\":{\"@type\":\"WebPage\",\"@id\":\"https:\/\/profissionais.aecister.pt\/index.php\/desporto\/\",\"url\":\"https:\/\/profissionais.aecister.pt\/index.php\/desporto\/\",\"name\":\"TD\"}}]}]}<\/script>\n<!-- \/ Yoast SEO plugin. -->","_links":{"self":[{"href":"https:\/\/profissionais.aecister.pt\/index.php\/wp-json\/wp\/v2\/pages\/25129"}],"collection":[{"href":"https:\/\/profissionais.aecister.pt\/index.php\/wp-json\/wp\/v2\/pages"}],"about":[{"href":"https:\/\/profissionais.aecister.pt\/index.php\/wp-json\/wp\/v2\/types\/page"}],"author":[{"embeddable":true,"href":"https:\/\/profissionais.aecister.pt\/index.php\/wp-json\/wp\/v2\/users\/1"}],"replies":[{"embeddable":true,"href":"https:\/\/profissionais.aecister.pt\/index.php\/wp-json\/wp\/v2\/comments?post=25129"}],"version-history":[{"count":12,"href":"https:\/\/profissionais.aecister.pt\/index.php\/wp-json\/wp\/v2\/pages\/25129\/revisions"}],"predecessor-version":[{"id":25437,"href":"https:\/\/profissionais.aecister.pt\/index.php\/wp-json\/wp\/v2\/pages\/25129\/revisions\/25437"}],"wp:attachment":[{"href":"https:\/\/profissionais.aecister.pt\/index.php\/wp-json\/wp\/v2\/media?parent=25129"}],"curies":[{"name":"wp","href":"https:\/\/api.w.org\/{rel}","templated":true}]}}