{"id":25158,"date":"2021-02-18T01:42:39","date_gmt":"2021-02-18T01:42:39","guid":{"rendered":"https:\/\/profissionais.aecister.pt\/?page_id=25158"},"modified":"2024-02-27T12:29:40","modified_gmt":"2024-02-27T12:29:40","slug":"saude","status":"publish","type":"page","link":"https:\/\/profissionais.aecister.pt\/index.php\/saude\/","title":{"rendered":"TS"},"content":{"rendered":"\t\t<div data-elementor-type=\"wp-page\" data-elementor-id=\"25158\" class=\"elementor elementor-25158\" data-elementor-settings=\"[]\">\n\t\t\t\t\t\t\t<div class=\"elementor-section-wrap\">\n\t\t\t\t\t\t\t<section class=\"elementor-section elementor-top-section elementor-element elementor-element-0d90252 elementor-section-boxed elementor-section-height-default elementor-section-height-default\" data-id=\"0d90252\" data-element_type=\"section\">\n\t\t\t\t\t\t<div class=\"elementor-container elementor-column-gap-default\">\n\t\t\t\t\t<div class=\"elementor-column elementor-col-100 elementor-top-column elementor-element elementor-element-46eaad8\" data-id=\"46eaad8\" data-element_type=\"column\">\n\t\t\t<div class=\"elementor-widget-wrap elementor-element-populated\">\n\t\t\t\t\t\t\t\t<div class=\"elementor-element elementor-element-3c3a68e elementor-widget elementor-widget-heading\" data-id=\"3c3a68e\" data-element_type=\"widget\" data-widget_type=\"heading.default\">\n\t\t\t\t<div class=\"elementor-widget-container\">\n\t\t\t<h2 class=\"elementor-heading-title elementor-size-default\">plano curricular<\/h2>\t\t<\/div>\n\t\t\t\t<\/div>\n\t\t\t\t<div class=\"elementor-element elementor-element-b4a7bd9 elementor-widget elementor-widget-image\" data-id=\"b4a7bd9\" data-element_type=\"widget\" data-widget_type=\"image.default\">\n\t\t\t\t<div class=\"elementor-widget-container\">\n\t\t\t\t\t<div class=\"elementor-image\">\n\t\t\t\t\t\t\t\t\t\t<img width=\"814\" height=\"643\" src=\"https:\/\/profissionais.aecister.pt\/wp-content\/uploads\/2021\/02\/saude.png\" class=\"attachment-large size-large\" alt=\"\" loading=\"lazy\" srcset=\"https:\/\/profissionais.aecister.pt\/wp-content\/uploads\/2021\/02\/saude.png 814w, https:\/\/profissionais.aecister.pt\/wp-content\/uploads\/2021\/02\/saude-300x237.png 300w, https:\/\/profissionais.aecister.pt\/wp-content\/uploads\/2021\/02\/saude-768x607.png 768w\" sizes=\"(max-width: 814px) 100vw, 814px\" \/>\t\t\t\t\t\t\t\t\t\t\t<\/div>\n\t\t\t\t<\/div>\n\t\t\t\t<\/div>\n\t\t\t\t<div class=\"elementor-element elementor-element-d69362b elementor-widget elementor-widget-heading\" data-id=\"d69362b\" data-element_type=\"widget\" data-widget_type=\"heading.default\">\n\t\t\t\t<div class=\"elementor-widget-container\">\n\t\t\t<h2 class=\"elementor-heading-title elementor-size-default\">aptid\u00f5es<\/h2>\t\t<\/div>\n\t\t\t\t<\/div>\n\t\t\t\t<div class=\"elementor-element elementor-element-b35837a elementor-widget elementor-widget-text-editor\" data-id=\"b35837a\" data-element_type=\"widget\" data-widget_type=\"text-editor.default\">\n\t\t\t\t<div class=\"elementor-widget-container\">\n\t\t\t\t\t<div class=\"elementor-text-editor elementor-clearfix\"><p>auxiliar na presta\u00e7\u00e3o de cuidados de sa\u00fade aos utentes;<\/p><p>auxiliar na recolha e transporte de amostras biol\u00f3gicas, na limpeza, higieniza\u00e7\u00e3o e transporte de roupas, materiais e equipamentos, na limpeza e higieniza\u00e7\u00e3o dos espa\u00e7os e no apoio log\u00edstico e administrativo das diferentes unidades e servi\u00e7os de sa\u00fade, sob orienta\u00e7\u00f5es do profissional de sa\u00fade.<\/p><\/div>\n\t\t\t\t<\/div>\n\t\t\t\t<\/div>\n\t\t\t\t<div class=\"elementor-element elementor-element-00353ec elementor-widget elementor-widget-heading\" data-id=\"00353ec\" data-element_type=\"widget\" data-widget_type=\"heading.default\">\n\t\t\t\t<div class=\"elementor-widget-container\">\n\t\t\t<h2 class=\"elementor-heading-title elementor-size-default\">sa\u00eddas profissionais<\/h2>\t\t<\/div>\n\t\t\t\t<\/div>\n\t\t\t\t<div class=\"elementor-element elementor-element-98c4805 elementor-widget elementor-widget-text-editor\" data-id=\"98c4805\" data-element_type=\"widget\" data-widget_type=\"text-editor.default\">\n\t\t\t\t<div class=\"elementor-widget-container\">\n\t\t\t\t\t<div class=\"elementor-text-editor elementor-clearfix\"><p>Hospitais P\u00fablicos e Privados<\/p><p>Centros de Sa\u00fade<\/p><p>Consult\u00f3rios M\u00e9dicos<\/p><p>Cl\u00ednicas e Outros Estabelecimentos de Sa\u00fade<\/p><p>Centros de Terceira Idade e Lares<\/p><p>Centros de Acolhimento e Resid\u00eancia de Crian\u00e7as<\/p><p>Domic\u00edlio<\/p><p>Institutos de Est\u00e9tica<\/p><\/div>\n\t\t\t\t<\/div>\n\t\t\t\t<\/div>\n\t\t\t\t<div class=\"elementor-element elementor-element-e9a4e54 elementor-widget elementor-widget-heading\" data-id=\"e9a4e54\" data-element_type=\"widget\" data-widget_type=\"heading.default\">\n\t\t\t\t<div class=\"elementor-widget-container\">\n\t\t\t<h2 class=\"elementor-heading-title elementor-size-default\">TESTEMUNHO<\/h2>\t\t<\/div>\n\t\t\t\t<\/div>\n\t\t\t\t<div class=\"elementor-element elementor-element-9b75a9e elementor-widget elementor-widget-text-editor\" data-id=\"9b75a9e\" data-element_type=\"widget\" data-widget_type=\"text-editor.default\">\n\t\t\t\t<div class=\"elementor-widget-container\">\n\t\t\t\t\t<div class=\"elementor-text-editor elementor-clearfix\"><p><span style=\"font-size: 16px; font-style: normal; font-weight: 400; background-color: #ffffff;\">O curso preparou-me para as fun\u00e7\u00f5es que desempenho no Lar de Idosos.&nbsp;<\/span><\/p><\/div>\n\t\t\t\t<\/div>\n\t\t\t\t<\/div>\n\t\t\t\t\t<\/div>\n\t\t<\/div>\n\t\t\t\t\t\t\t<\/div>\n\t\t<\/section>\n\t\t\t\t<section class=\"elementor-section elementor-top-section elementor-element elementor-element-105e965 elementor-section-boxed elementor-section-height-default elementor-section-height-default\" data-id=\"105e965\" data-element_type=\"section\">\n\t\t\t\t\t\t<div class=\"elementor-container elementor-column-gap-default\">\n\t\t\t\t\t<div class=\"elementor-column elementor-col-100 elementor-top-column elementor-element elementor-element-613eeac7\" data-id=\"613eeac7\" data-element_type=\"column\">\n\t\t\t<div class=\"elementor-widget-wrap elementor-element-populated\">\n\t\t\t\t\t\t\t\t<div class=\"elementor-element elementor-element-5c81921c elementor-absolute elementor-widget elementor-widget-button\" data-id=\"5c81921c\" data-element_type=\"widget\" data-settings=\"{&quot;_position&quot;:&quot;absolute&quot;}\" data-widget_type=\"button.default\">\n\t\t\t\t<div class=\"elementor-widget-container\">\n\t\t\t\t\t<div class=\"elementor-button-wrapper\">\n\t\t\t<a href=\"https:\/\/docs.google.com\/forms\/d\/e\/1FAIpQLSd6esb0lytbdj10YqsPtlJs_BR24na9dVblgUJAl5TJuYdS1A\/viewform\" class=\"elementor-button-link elementor-button elementor-size-sm\" role=\"button\">\n\t\t\t\t\t\t<span class=\"elementor-button-content-wrapper\">\n\t\t\t\t\t\t<span class=\"elementor-button-text\">PR\u00c9-INSCRI\u00c7\u00c3O<\/span>\n\t\t<\/span>\n\t\t\t\t\t<\/a>\n\t\t<\/div>\n\t\t\t\t<\/div>\n\t\t\t\t<\/div>\n\t\t\t\t<div class=\"elementor-element elementor-element-43ee4ee9 elementor-widget elementor-widget-spacer\" data-id=\"43ee4ee9\" data-element_type=\"widget\" data-widget_type=\"spacer.default\">\n\t\t\t\t<div class=\"elementor-widget-container\">\n\t\t\t\t\t<div class=\"elementor-spacer\">\n\t\t\t<div class=\"elementor-spacer-inner\"><\/div>\n\t\t<\/div>\n\t\t\t\t<\/div>\n\t\t\t\t<\/div>\n\t\t\t\t\t<\/div>\n\t\t<\/div>\n\t\t\t\t\t\t\t<\/div>\n\t\t<\/section>\n\t\t\t\t<section class=\"elementor-section elementor-top-section elementor-element elementor-element-37475825 elementor-section-boxed elementor-section-height-default elementor-section-height-default\" data-id=\"37475825\" data-element_type=\"section\">\n\t\t\t\t\t\t<div class=\"elementor-container elementor-column-gap-default\">\n\t\t\t\t\t<div class=\"elementor-column elementor-col-50 elementor-top-column elementor-element elementor-element-48a463a2\" data-id=\"48a463a2\" data-element_type=\"column\">\n\t\t\t<div class=\"elementor-widget-wrap elementor-element-populated\">\n\t\t\t\t\t\t\t\t<div class=\"elementor-element elementor-element-1fd9f68b elementor-widget elementor-widget-image\" data-id=\"1fd9f68b\" data-element_type=\"widget\" data-widget_type=\"image.default\">\n\t\t\t\t<div class=\"elementor-widget-container\">\n\t\t\t\t\t<div class=\"elementor-image\">\n\t\t\t\t\t\t\t\t\t\t<img width=\"300\" height=\"61\" src=\"https:\/\/profissionais.aecister.pt\/wp-content\/uploads\/2021\/02\/POCH_PT2020_FSE_Bom-1-300x61.png\" class=\"attachment-medium size-medium\" alt=\"\" loading=\"lazy\" srcset=\"https:\/\/profissionais.aecister.pt\/wp-content\/uploads\/2021\/02\/POCH_PT2020_FSE_Bom-1-300x61.png 300w, https:\/\/profissionais.aecister.pt\/wp-content\/uploads\/2021\/02\/POCH_PT2020_FSE_Bom-1-1024x208.png 1024w, https:\/\/profissionais.aecister.pt\/wp-content\/uploads\/2021\/02\/POCH_PT2020_FSE_Bom-1-768x156.png 768w, https:\/\/profissionais.aecister.pt\/wp-content\/uploads\/2021\/02\/POCH_PT2020_FSE_Bom-1-1536x311.png 1536w, https:\/\/profissionais.aecister.pt\/wp-content\/uploads\/2021\/02\/POCH_PT2020_FSE_Bom-1-2048x415.png 2048w\" sizes=\"(max-width: 300px) 100vw, 300px\" \/>\t\t\t\t\t\t\t\t\t\t\t<\/div>\n\t\t\t\t<\/div>\n\t\t\t\t<\/div>\n\t\t\t\t\t<\/div>\n\t\t<\/div>\n\t\t\t\t<div class=\"elementor-column elementor-col-50 elementor-top-column elementor-element elementor-element-334f51e4\" data-id=\"334f51e4\" data-element_type=\"column\">\n\t\t\t<div class=\"elementor-widget-wrap elementor-element-populated\">\n\t\t\t\t\t\t\t\t<div class=\"elementor-element elementor-element-5d6d0221 elementor-widget elementor-widget-image\" data-id=\"5d6d0221\" data-element_type=\"widget\" data-widget_type=\"image.default\">\n\t\t\t\t<div class=\"elementor-widget-container\">\n\t\t\t\t\t<div class=\"elementor-image\">\n\t\t\t\t\t\t\t\t\t\t<img width=\"300\" height=\"117\" src=\"https:\/\/profissionais.aecister.pt\/wp-content\/uploads\/2021\/02\/Logo-Republica-Portuguesa-Educacao-Vertical-300x117.jpg\" class=\"attachment-medium size-medium\" alt=\"\" loading=\"lazy\" srcset=\"https:\/\/profissionais.aecister.pt\/wp-content\/uploads\/2021\/02\/Logo-Republica-Portuguesa-Educacao-Vertical-300x117.jpg 300w, https:\/\/profissionais.aecister.pt\/wp-content\/uploads\/2021\/02\/Logo-Republica-Portuguesa-Educacao-Vertical.jpg 454w\" sizes=\"(max-width: 300px) 100vw, 300px\" \/>\t\t\t\t\t\t\t\t\t\t\t<\/div>\n\t\t\t\t<\/div>\n\t\t\t\t<\/div>\n\t\t\t\t\t<\/div>\n\t\t<\/div>\n\t\t\t\t\t\t\t<\/div>\n\t\t<\/section>\n\t\t\t\t\t\t<\/div>\n\t\t\t\t\t<\/div>\n\t\t","protected":false},"excerpt":{"rendered":"<p>plano curricular aptid\u00f5es auxiliar na presta\u00e7\u00e3o de cuidados de sa\u00fade aos utentes; auxiliar na recolha e transporte de amostras biol\u00f3gicas, na limpeza, higieniza\u00e7\u00e3o e transporte de roupas, materiais e equipamentos, na limpeza e higieniza\u00e7\u00e3o dos espa\u00e7os e no apoio log\u00edstico e administrativo das diferentes unidades e servi\u00e7os de sa\u00fade, sob orienta\u00e7\u00f5es do profissional de sa\u00fade. &hellip;<\/p>\n<p class=\"read-more\"> <a class=\"\" href=\"https:\/\/profissionais.aecister.pt\/index.php\/saude\/\"> <span class=\"screen-reader-text\">TS<\/span> Read More &raquo;<\/a><\/p>\n","protected":false},"author":1,"featured_media":0,"parent":0,"menu_order":0,"comment_status":"closed","ping_status":"closed","template":"","meta":[],"yoast_head":"<!-- This site is optimized with the Yoast SEO plugin v15.8 - https:\/\/yoast.com\/wordpress\/plugins\/seo\/ -->\n<title>TS - Cursos Profissionais<\/title>\n<meta name=\"robots\" content=\"index, follow, max-snippet:-1, max-image-preview:large, max-video-preview:-1\" \/>\n<link rel=\"canonical\" href=\"https:\/\/profissionais.aecister.pt\/index.php\/saude\/\" \/>\n<meta property=\"og:locale\" content=\"pt_PT\" \/>\n<meta property=\"og:type\" content=\"article\" \/>\n<meta property=\"og:title\" content=\"TS - Cursos Profissionais\" \/>\n<meta property=\"og:description\" content=\"plano curricular aptid\u00f5es auxiliar na presta\u00e7\u00e3o de cuidados de sa\u00fade aos utentes; auxiliar na recolha e transporte de amostras biol\u00f3gicas, na limpeza, higieniza\u00e7\u00e3o e transporte de roupas, materiais e equipamentos, na limpeza e higieniza\u00e7\u00e3o dos espa\u00e7os e no apoio log\u00edstico e administrativo das diferentes unidades e servi\u00e7os de sa\u00fade, sob orienta\u00e7\u00f5es do profissional de sa\u00fade. &hellip; TS Read More &raquo;\" \/>\n<meta property=\"og:url\" content=\"https:\/\/profissionais.aecister.pt\/index.php\/saude\/\" \/>\n<meta property=\"og:site_name\" content=\"Cursos Profissionais\" \/>\n<meta property=\"article:modified_time\" content=\"2024-02-27T12:29:40+00:00\" \/>\n<meta property=\"og:image\" content=\"https:\/\/profissionais.aecister.pt\/wp-content\/uploads\/2021\/02\/saude.png\" \/>\n<meta name=\"twitter:card\" content=\"summary_large_image\" \/>\n<meta name=\"twitter:label1\" content=\"Est. reading time\">\n\t<meta name=\"twitter:data1\" content=\"2 minutos\">\n<script type=\"application\/ld+json\" class=\"yoast-schema-graph\">{\"@context\":\"https:\/\/schema.org\",\"@graph\":[{\"@type\":\"WebSite\",\"@id\":\"https:\/\/profissionais.aecister.pt\/#website\",\"url\":\"https:\/\/profissionais.aecister.pt\/\",\"name\":\"Cursos Profissionais\",\"description\":\"Oferta Formativa\",\"potentialAction\":[{\"@type\":\"SearchAction\",\"target\":\"https:\/\/profissionais.aecister.pt\/?s={search_term_string}\",\"query-input\":\"required name=search_term_string\"}],\"inLanguage\":\"pt-PT\"},{\"@type\":\"ImageObject\",\"@id\":\"https:\/\/profissionais.aecister.pt\/index.php\/saude\/#primaryimage\",\"inLanguage\":\"pt-PT\",\"url\":\"https:\/\/profissionais.aecister.pt\/wp-content\/uploads\/2021\/02\/saude.png\",\"width\":814,\"height\":643},{\"@type\":\"WebPage\",\"@id\":\"https:\/\/profissionais.aecister.pt\/index.php\/saude\/#webpage\",\"url\":\"https:\/\/profissionais.aecister.pt\/index.php\/saude\/\",\"name\":\"TS - Cursos Profissionais\",\"isPartOf\":{\"@id\":\"https:\/\/profissionais.aecister.pt\/#website\"},\"primaryImageOfPage\":{\"@id\":\"https:\/\/profissionais.aecister.pt\/index.php\/saude\/#primaryimage\"},\"datePublished\":\"2021-02-18T01:42:39+00:00\",\"dateModified\":\"2024-02-27T12:29:40+00:00\",\"breadcrumb\":{\"@id\":\"https:\/\/profissionais.aecister.pt\/index.php\/saude\/#breadcrumb\"},\"inLanguage\":\"pt-PT\",\"potentialAction\":[{\"@type\":\"ReadAction\",\"target\":[\"https:\/\/profissionais.aecister.pt\/index.php\/saude\/\"]}]},{\"@type\":\"BreadcrumbList\",\"@id\":\"https:\/\/profissionais.aecister.pt\/index.php\/saude\/#breadcrumb\",\"itemListElement\":[{\"@type\":\"ListItem\",\"position\":1,\"item\":{\"@type\":\"WebPage\",\"@id\":\"https:\/\/profissionais.aecister.pt\/\",\"url\":\"https:\/\/profissionais.aecister.pt\/\",\"name\":\"Home\"}},{\"@type\":\"ListItem\",\"position\":2,\"item\":{\"@type\":\"WebPage\",\"@id\":\"https:\/\/profissionais.aecister.pt\/index.php\/saude\/\",\"url\":\"https:\/\/profissionais.aecister.pt\/index.php\/saude\/\",\"name\":\"TS\"}}]}]}<\/script>\n<!-- \/ Yoast SEO plugin. -->","_links":{"self":[{"href":"https:\/\/profissionais.aecister.pt\/index.php\/wp-json\/wp\/v2\/pages\/25158"}],"collection":[{"href":"https:\/\/profissionais.aecister.pt\/index.php\/wp-json\/wp\/v2\/pages"}],"about":[{"href":"https:\/\/profissionais.aecister.pt\/index.php\/wp-json\/wp\/v2\/types\/page"}],"author":[{"embeddable":true,"href":"https:\/\/profissionais.aecister.pt\/index.php\/wp-json\/wp\/v2\/users\/1"}],"replies":[{"embeddable":true,"href":"https:\/\/profissionais.aecister.pt\/index.php\/wp-json\/wp\/v2\/comments?post=25158"}],"version-history":[{"count":15,"href":"https:\/\/profissionais.aecister.pt\/index.php\/wp-json\/wp\/v2\/pages\/25158\/revisions"}],"predecessor-version":[{"id":25429,"href":"https:\/\/profissionais.aecister.pt\/index.php\/wp-json\/wp\/v2\/pages\/25158\/revisions\/25429"}],"wp:attachment":[{"href":"https:\/\/profissionais.aecister.pt\/index.php\/wp-json\/wp\/v2\/media?parent=25158"}],"curies":[{"name":"wp","href":"https:\/\/api.w.org\/{rel}","templated":true}]}}