{"id":6,"date":"2018-11-27T09:17:28","date_gmt":"2018-11-27T09:17:28","guid":{"rendered":"https:\/\/profissionais.aecister.pt\/index.php\/services\/"},"modified":"2024-02-22T12:15:19","modified_gmt":"2024-02-22T12:15:19","slug":"services","status":"publish","type":"page","link":"https:\/\/profissionais.aecister.pt\/index.php\/services\/","title":{"rendered":"Services"},"content":{"rendered":"\t\t<div data-elementor-type=\"wp-post\" data-elementor-id=\"6\" class=\"elementor elementor-6\" data-elementor-settings=\"[]\">\n\t\t\t\t\t\t\t<div class=\"elementor-section-wrap\">\n\t\t\t\t\t\t\t<section class=\"elementor-section elementor-top-section elementor-element elementor-element-33a79095 elementor-section-boxed elementor-section-height-default elementor-section-height-default\" data-id=\"33a79095\" data-element_type=\"section\" data-settings=\"{&quot;background_background&quot;:&quot;classic&quot;}\">\n\t\t\t\t\t\t\t<div class=\"elementor-background-overlay\"><\/div>\n\t\t\t\t\t\t\t<div class=\"elementor-container elementor-column-gap-default\">\n\t\t\t\t\t<div class=\"elementor-column elementor-col-33 elementor-top-column elementor-element elementor-element-b7194dc\" data-id=\"b7194dc\" data-element_type=\"column\">\n\t\t\t<div class=\"elementor-widget-wrap\">\n\t\t\t\t\t\t\t\t\t<\/div>\n\t\t<\/div>\n\t\t\t\t<div class=\"elementor-column elementor-col-33 elementor-top-column elementor-element elementor-element-3706530d\" data-id=\"3706530d\" data-element_type=\"column\">\n\t\t\t<div class=\"elementor-widget-wrap elementor-element-populated\">\n\t\t\t\t\t\t\t\t<div class=\"elementor-element elementor-element-537de1f elementor-widget elementor-widget-heading\" data-id=\"537de1f\" data-element_type=\"widget\" data-widget_type=\"heading.default\">\n\t\t\t\t<div class=\"elementor-widget-container\">\n\t\t\t<h1 class=\"elementor-heading-title elementor-size-default\">stakeholders<\/h1>\t\t<\/div>\n\t\t\t\t<\/div>\n\t\t\t\t\t<\/div>\n\t\t<\/div>\n\t\t\t\t<div class=\"elementor-column elementor-col-33 elementor-top-column elementor-element elementor-element-4788e5dc\" data-id=\"4788e5dc\" data-element_type=\"column\">\n\t\t\t<div class=\"elementor-widget-wrap\">\n\t\t\t\t\t\t\t\t\t<\/div>\n\t\t<\/div>\n\t\t\t\t\t\t\t<\/div>\n\t\t<\/section>\n\t\t\t\t<section class=\"elementor-section elementor-top-section elementor-element elementor-element-2dbed9a elementor-section-boxed elementor-section-height-default elementor-section-height-default\" data-id=\"2dbed9a\" data-element_type=\"section\">\n\t\t\t\t\t\t<div class=\"elementor-container elementor-column-gap-default\">\n\t\t\t\t\t<div class=\"elementor-column elementor-col-33 elementor-top-column elementor-element elementor-element-c54645a\" data-id=\"c54645a\" data-element_type=\"column\">\n\t\t\t<div class=\"elementor-widget-wrap\">\n\t\t\t\t\t\t\t\t\t<\/div>\n\t\t<\/div>\n\t\t\t\t<div class=\"elementor-column elementor-col-33 elementor-top-column elementor-element elementor-element-1ca627b\" data-id=\"1ca627b\" data-element_type=\"column\">\n\t\t\t<div class=\"elementor-widget-wrap elementor-element-populated\">\n\t\t\t\t\t\t\t\t<div class=\"elementor-element elementor-element-42fd904 elementor-widget elementor-widget-heading\" data-id=\"42fd904\" data-element_type=\"widget\" data-widget_type=\"heading.default\">\n\t\t\t\t<div class=\"elementor-widget-container\">\n\t\t\t<h2 class=\"elementor-heading-title elementor-size-default\">parcerias estrat\u00e9gicas<\/h2>\t\t<\/div>\n\t\t\t\t<\/div>\n\t\t\t\t<div class=\"elementor-element elementor-element-432499d elementor-widget-divider--view-line elementor-widget elementor-widget-divider\" data-id=\"432499d\" data-element_type=\"widget\" data-widget_type=\"divider.default\">\n\t\t\t\t<div class=\"elementor-widget-container\">\n\t\t\t\t\t<div class=\"elementor-divider\">\n\t\t\t<span class=\"elementor-divider-separator\">\n\t\t\t\t\t\t<\/span>\n\t\t<\/div>\n\t\t\t\t<\/div>\n\t\t\t\t<\/div>\n\t\t\t\t<div class=\"elementor-element elementor-element-8dff22f elementor-widget elementor-widget-text-editor\" data-id=\"8dff22f\" data-element_type=\"widget\" data-widget_type=\"text-editor.default\">\n\t\t\t\t<div class=\"elementor-widget-container\">\n\t\t\t\t\t<div class=\"elementor-text-editor elementor-clearfix\"><p>As parcerias existentes no Agrupamento de Escolas de Cister no que se refere aos cursos profissionais funciona em trabalho de rede e coopera\u00e7\u00e3o.<\/p><\/div>\n\t\t\t\t<\/div>\n\t\t\t\t<\/div>\n\t\t\t\t\t<\/div>\n\t\t<\/div>\n\t\t\t\t<div class=\"elementor-column elementor-col-33 elementor-top-column elementor-element elementor-element-92a5c23\" data-id=\"92a5c23\" data-element_type=\"column\">\n\t\t\t<div class=\"elementor-widget-wrap\">\n\t\t\t\t\t\t\t\t\t<\/div>\n\t\t<\/div>\n\t\t\t\t\t\t\t<\/div>\n\t\t<\/section>\n\t\t\t\t<section class=\"elementor-section elementor-inner-section elementor-element elementor-element-d6c60ea elementor-section-boxed elementor-section-height-default elementor-section-height-default\" data-id=\"d6c60ea\" data-element_type=\"section\">\n\t\t\t\t\t\t<div class=\"elementor-container elementor-column-gap-default\">\n\t\t\t\t\t<div class=\"elementor-column elementor-col-50 elementor-inner-column elementor-element elementor-element-f20a204\" data-id=\"f20a204\" data-element_type=\"column\">\n\t\t\t<div class=\"elementor-widget-wrap elementor-element-populated\">\n\t\t\t\t\t\t\t\t<div class=\"elementor-element elementor-element-bfd172b elementor-widget elementor-widget-image\" data-id=\"bfd172b\" data-element_type=\"widget\" data-widget_type=\"image.default\">\n\t\t\t\t<div class=\"elementor-widget-container\">\n\t\t\t\t\t<div class=\"elementor-image\">\n\t\t\t\t\t\t\t\t\t\t<img width=\"1024\" height=\"576\" src=\"https:\/\/profissionais.aecister.pt\/wp-content\/uploads\/2021\/02\/ensino-profissional-18-1024x576.png\" class=\"attachment-large size-large\" alt=\"\" loading=\"lazy\" srcset=\"https:\/\/profissionais.aecister.pt\/wp-content\/uploads\/2021\/02\/ensino-profissional-18-1024x576.png 1024w, https:\/\/profissionais.aecister.pt\/wp-content\/uploads\/2021\/02\/ensino-profissional-18-300x169.png 300w, https:\/\/profissionais.aecister.pt\/wp-content\/uploads\/2021\/02\/ensino-profissional-18-768x432.png 768w, https:\/\/profissionais.aecister.pt\/wp-content\/uploads\/2021\/02\/ensino-profissional-18-1536x864.png 1536w, https:\/\/profissionais.aecister.pt\/wp-content\/uploads\/2021\/02\/ensino-profissional-18-2048x1152.png 2048w\" sizes=\"(max-width: 1024px) 100vw, 1024px\" \/>\t\t\t\t\t\t\t\t\t\t\t<\/div>\n\t\t\t\t<\/div>\n\t\t\t\t<\/div>\n\t\t\t\t<div class=\"elementor-element elementor-element-d0c44fe elementor-position-top elementor-vertical-align-top elementor-widget elementor-widget-image-box\" data-id=\"d0c44fe\" data-element_type=\"widget\" data-widget_type=\"image-box.default\">\n\t\t\t\t<div class=\"elementor-widget-container\">\n\t\t\t<div class=\"elementor-image-box-wrapper\"><div class=\"elementor-image-box-content\"><h5 class=\"elementor-image-box-title\">Associa\u00e7\u00f5es<\/h5><p class=\"elementor-image-box-description\">Associa\u00e7\u00f5es empresariais<br>Associa\u00e7\u00f5es Setoriais<\/p><\/div><\/div>\t\t<\/div>\n\t\t\t\t<\/div>\n\t\t\t\t\t<\/div>\n\t\t<\/div>\n\t\t\t\t<div class=\"elementor-column elementor-col-50 elementor-inner-column elementor-element elementor-element-bce40d9\" data-id=\"bce40d9\" data-element_type=\"column\">\n\t\t\t<div class=\"elementor-widget-wrap elementor-element-populated\">\n\t\t\t\t\t\t\t\t<div class=\"elementor-element elementor-element-cce00ea elementor-widget elementor-widget-image\" data-id=\"cce00ea\" data-element_type=\"widget\" data-widget_type=\"image.default\">\n\t\t\t\t<div class=\"elementor-widget-container\">\n\t\t\t\t\t<div class=\"elementor-image\">\n\t\t\t\t\t\t\t\t\t\t<img width=\"1024\" height=\"576\" src=\"https:\/\/profissionais.aecister.pt\/wp-content\/uploads\/2021\/02\/ensino-profissional-21-1024x576.png\" class=\"attachment-large size-large\" alt=\"\" loading=\"lazy\" srcset=\"https:\/\/profissionais.aecister.pt\/wp-content\/uploads\/2021\/02\/ensino-profissional-21-1024x576.png 1024w, https:\/\/profissionais.aecister.pt\/wp-content\/uploads\/2021\/02\/ensino-profissional-21-300x169.png 300w, https:\/\/profissionais.aecister.pt\/wp-content\/uploads\/2021\/02\/ensino-profissional-21-768x432.png 768w, https:\/\/profissionais.aecister.pt\/wp-content\/uploads\/2021\/02\/ensino-profissional-21-1536x864.png 1536w, https:\/\/profissionais.aecister.pt\/wp-content\/uploads\/2021\/02\/ensino-profissional-21-2048x1152.png 2048w\" sizes=\"(max-width: 1024px) 100vw, 1024px\" \/>\t\t\t\t\t\t\t\t\t\t\t<\/div>\n\t\t\t\t<\/div>\n\t\t\t\t<\/div>\n\t\t\t\t<div class=\"elementor-element elementor-element-c17baf9 elementor-position-top elementor-vertical-align-top elementor-widget elementor-widget-image-box\" data-id=\"c17baf9\" data-element_type=\"widget\" data-widget_type=\"image-box.default\">\n\t\t\t\t<div class=\"elementor-widget-container\">\n\t\t\t<div class=\"elementor-image-box-wrapper\"><div class=\"elementor-image-box-content\"><h5 class=\"elementor-image-box-title\">Entidades \/ Organiza\u00e7\u00f5es<\/h5><p class=\"elementor-image-box-description\">Munic\u00edpios<br>IPSS<br>For\u00e7as de Seguran\u00e7a<br>Hospitais\/Centros de Sa\u00fade<\/p><\/div><\/div>\t\t<\/div>\n\t\t\t\t<\/div>\n\t\t\t\t\t<\/div>\n\t\t<\/div>\n\t\t\t\t\t\t\t<\/div>\n\t\t<\/section>\n\t\t\t\t<section class=\"elementor-section elementor-inner-section elementor-element elementor-element-3dca23c elementor-section-boxed elementor-section-height-default elementor-section-height-default\" data-id=\"3dca23c\" data-element_type=\"section\">\n\t\t\t\t\t\t<div class=\"elementor-container elementor-column-gap-default\">\n\t\t\t\t\t<div class=\"elementor-column elementor-col-50 elementor-inner-column elementor-element elementor-element-f58b4c4\" data-id=\"f58b4c4\" data-element_type=\"column\">\n\t\t\t<div class=\"elementor-widget-wrap elementor-element-populated\">\n\t\t\t\t\t\t\t\t<div class=\"elementor-element elementor-element-d7fa0e3 elementor-widget elementor-widget-image\" data-id=\"d7fa0e3\" data-element_type=\"widget\" data-widget_type=\"image.default\">\n\t\t\t\t<div class=\"elementor-widget-container\">\n\t\t\t\t\t<div class=\"elementor-image\">\n\t\t\t\t\t\t\t\t\t\t<img width=\"1024\" height=\"576\" src=\"https:\/\/profissionais.aecister.pt\/wp-content\/uploads\/2021\/02\/ensino-profissional-19-1024x576.png\" class=\"attachment-large size-large\" alt=\"\" loading=\"lazy\" srcset=\"https:\/\/profissionais.aecister.pt\/wp-content\/uploads\/2021\/02\/ensino-profissional-19-1024x576.png 1024w, https:\/\/profissionais.aecister.pt\/wp-content\/uploads\/2021\/02\/ensino-profissional-19-300x169.png 300w, https:\/\/profissionais.aecister.pt\/wp-content\/uploads\/2021\/02\/ensino-profissional-19-768x432.png 768w, https:\/\/profissionais.aecister.pt\/wp-content\/uploads\/2021\/02\/ensino-profissional-19-1536x864.png 1536w, https:\/\/profissionais.aecister.pt\/wp-content\/uploads\/2021\/02\/ensino-profissional-19-2048x1152.png 2048w\" sizes=\"(max-width: 1024px) 100vw, 1024px\" \/>\t\t\t\t\t\t\t\t\t\t\t<\/div>\n\t\t\t\t<\/div>\n\t\t\t\t<\/div>\n\t\t\t\t<div class=\"elementor-element elementor-element-66bbc4f elementor-position-top elementor-vertical-align-top elementor-widget elementor-widget-image-box\" data-id=\"66bbc4f\" data-element_type=\"widget\" data-widget_type=\"image-box.default\">\n\t\t\t\t<div class=\"elementor-widget-container\">\n\t\t\t<div class=\"elementor-image-box-wrapper\"><div class=\"elementor-image-box-content\"><h5 class=\"elementor-image-box-title\">Empresas<\/h5><p class=\"elementor-image-box-description\">Multinacionais<br>PME's<br>Microempresas<\/p><\/div><\/div>\t\t<\/div>\n\t\t\t\t<\/div>\n\t\t\t\t\t<\/div>\n\t\t<\/div>\n\t\t\t\t<div class=\"elementor-column elementor-col-50 elementor-inner-column elementor-element elementor-element-31ca30b\" data-id=\"31ca30b\" data-element_type=\"column\">\n\t\t\t<div class=\"elementor-widget-wrap elementor-element-populated\">\n\t\t\t\t\t\t\t\t<div class=\"elementor-element elementor-element-238cce3 elementor-widget elementor-widget-image\" data-id=\"238cce3\" data-element_type=\"widget\" data-widget_type=\"image.default\">\n\t\t\t\t<div class=\"elementor-widget-container\">\n\t\t\t\t\t<div class=\"elementor-image\">\n\t\t\t\t\t\t\t\t\t\t<img width=\"1024\" height=\"576\" src=\"https:\/\/profissionais.aecister.pt\/wp-content\/uploads\/2021\/02\/ensino-profissional-20-1024x576.png\" class=\"attachment-large size-large\" alt=\"\" loading=\"lazy\" srcset=\"https:\/\/profissionais.aecister.pt\/wp-content\/uploads\/2021\/02\/ensino-profissional-20-1024x576.png 1024w, https:\/\/profissionais.aecister.pt\/wp-content\/uploads\/2021\/02\/ensino-profissional-20-300x169.png 300w, https:\/\/profissionais.aecister.pt\/wp-content\/uploads\/2021\/02\/ensino-profissional-20-768x432.png 768w, https:\/\/profissionais.aecister.pt\/wp-content\/uploads\/2021\/02\/ensino-profissional-20-1536x864.png 1536w, https:\/\/profissionais.aecister.pt\/wp-content\/uploads\/2021\/02\/ensino-profissional-20-2048x1152.png 2048w\" sizes=\"(max-width: 1024px) 100vw, 1024px\" \/>\t\t\t\t\t\t\t\t\t\t\t<\/div>\n\t\t\t\t<\/div>\n\t\t\t\t<\/div>\n\t\t\t\t<div class=\"elementor-element elementor-element-00d7c15 elementor-position-top elementor-vertical-align-top elementor-widget elementor-widget-image-box\" data-id=\"00d7c15\" data-element_type=\"widget\" data-widget_type=\"image-box.default\">\n\t\t\t\t<div class=\"elementor-widget-container\">\n\t\t\t<div class=\"elementor-image-box-wrapper\"><div class=\"elementor-image-box-content\"><h5 class=\"elementor-image-box-title\">Individualidades \/ T\u00e9cnicos Especializados<\/h5><p class=\"elementor-image-box-description\">Especialistas em \u00e1reas espec\u00edficas<br>Pessoas de destaque em v\u00e1rias \u00e1reas<\/p><\/div><\/div>\t\t<\/div>\n\t\t\t\t<\/div>\n\t\t\t\t\t<\/div>\n\t\t<\/div>\n\t\t\t\t\t\t\t<\/div>\n\t\t<\/section>\n\t\t\t\t\t\t<\/div>\n\t\t\t\t\t<\/div>\n\t\t","protected":false},"excerpt":{"rendered":"<p>stakeholders parcerias estrat\u00e9gicas As parcerias existentes no Agrupamento de Escolas de Cister no que se refere aos cursos profissionais funciona em trabalho de rede e coopera\u00e7\u00e3o. Associa\u00e7\u00f5es Associa\u00e7\u00f5es empresariaisAssocia\u00e7\u00f5es Setoriais Entidades \/ Organiza\u00e7\u00f5es Munic\u00edpiosIPSSFor\u00e7as de Seguran\u00e7aHospitais\/Centros de Sa\u00fade Empresas MultinacionaisPME&#8217;sMicroempresas Individualidades \/ T\u00e9cnicos Especializados Especialistas em \u00e1reas espec\u00edficasPessoas de destaque em v\u00e1rias \u00e1reas<\/p>\n","protected":false},"author":1,"featured_media":0,"parent":0,"menu_order":0,"comment_status":"closed","ping_status":"closed","template":"","meta":[],"yoast_head":"<!-- This site is optimized with the Yoast SEO plugin v15.8 - https:\/\/yoast.com\/wordpress\/plugins\/seo\/ -->\n<title>Services - Cursos Profissionais<\/title>\n<meta name=\"robots\" content=\"index, follow, max-snippet:-1, max-image-preview:large, max-video-preview:-1\" \/>\n<link rel=\"canonical\" href=\"https:\/\/profissionais.aecister.pt\/index.php\/services\/\" \/>\n<meta property=\"og:locale\" content=\"pt_PT\" \/>\n<meta property=\"og:type\" content=\"article\" \/>\n<meta property=\"og:title\" content=\"Services - Cursos Profissionais\" \/>\n<meta property=\"og:description\" content=\"stakeholders parcerias estrat\u00e9gicas As parcerias existentes no Agrupamento de Escolas de Cister no que se refere aos cursos profissionais funciona em trabalho de rede e coopera\u00e7\u00e3o. Associa\u00e7\u00f5es Associa\u00e7\u00f5es empresariaisAssocia\u00e7\u00f5es Setoriais Entidades \/ Organiza\u00e7\u00f5es Munic\u00edpiosIPSSFor\u00e7as de Seguran\u00e7aHospitais\/Centros de Sa\u00fade Empresas MultinacionaisPME&#8217;sMicroempresas Individualidades \/ T\u00e9cnicos Especializados Especialistas em \u00e1reas espec\u00edficasPessoas de destaque em v\u00e1rias \u00e1reas\" \/>\n<meta property=\"og:url\" content=\"https:\/\/profissionais.aecister.pt\/index.php\/services\/\" \/>\n<meta property=\"og:site_name\" content=\"Cursos Profissionais\" \/>\n<meta property=\"article:modified_time\" content=\"2024-02-22T12:15:19+00:00\" \/>\n<meta property=\"og:image\" content=\"https:\/\/profissionais.aecister.pt\/wp-content\/uploads\/2021\/02\/ensino-profissional-18-1024x576.png\" \/>\n<meta name=\"twitter:card\" content=\"summary_large_image\" \/>\n<meta name=\"twitter:label1\" content=\"Est. reading time\">\n\t<meta name=\"twitter:data1\" content=\"2 minutos\">\n<script type=\"application\/ld+json\" class=\"yoast-schema-graph\">{\"@context\":\"https:\/\/schema.org\",\"@graph\":[{\"@type\":\"WebSite\",\"@id\":\"https:\/\/profissionais.aecister.pt\/#website\",\"url\":\"https:\/\/profissionais.aecister.pt\/\",\"name\":\"Cursos Profissionais\",\"description\":\"Oferta Formativa\",\"potentialAction\":[{\"@type\":\"SearchAction\",\"target\":\"https:\/\/profissionais.aecister.pt\/?s={search_term_string}\",\"query-input\":\"required name=search_term_string\"}],\"inLanguage\":\"pt-PT\"},{\"@type\":\"ImageObject\",\"@id\":\"https:\/\/profissionais.aecister.pt\/index.php\/services\/#primaryimage\",\"inLanguage\":\"pt-PT\",\"url\":\"https:\/\/profissionais.aecister.pt\/wp-content\/uploads\/2021\/02\/ensino-profissional-18.png\",\"width\":2240,\"height\":1260},{\"@type\":\"WebPage\",\"@id\":\"https:\/\/profissionais.aecister.pt\/index.php\/services\/#webpage\",\"url\":\"https:\/\/profissionais.aecister.pt\/index.php\/services\/\",\"name\":\"Services - Cursos Profissionais\",\"isPartOf\":{\"@id\":\"https:\/\/profissionais.aecister.pt\/#website\"},\"primaryImageOfPage\":{\"@id\":\"https:\/\/profissionais.aecister.pt\/index.php\/services\/#primaryimage\"},\"datePublished\":\"2018-11-27T09:17:28+00:00\",\"dateModified\":\"2024-02-22T12:15:19+00:00\",\"breadcrumb\":{\"@id\":\"https:\/\/profissionais.aecister.pt\/index.php\/services\/#breadcrumb\"},\"inLanguage\":\"pt-PT\",\"potentialAction\":[{\"@type\":\"ReadAction\",\"target\":[\"https:\/\/profissionais.aecister.pt\/index.php\/services\/\"]}]},{\"@type\":\"BreadcrumbList\",\"@id\":\"https:\/\/profissionais.aecister.pt\/index.php\/services\/#breadcrumb\",\"itemListElement\":[{\"@type\":\"ListItem\",\"position\":1,\"item\":{\"@type\":\"WebPage\",\"@id\":\"https:\/\/profissionais.aecister.pt\/\",\"url\":\"https:\/\/profissionais.aecister.pt\/\",\"name\":\"Home\"}},{\"@type\":\"ListItem\",\"position\":2,\"item\":{\"@type\":\"WebPage\",\"@id\":\"https:\/\/profissionais.aecister.pt\/index.php\/services\/\",\"url\":\"https:\/\/profissionais.aecister.pt\/index.php\/services\/\",\"name\":\"Services\"}}]}]}<\/script>\n<!-- \/ Yoast SEO plugin. -->","_links":{"self":[{"href":"https:\/\/profissionais.aecister.pt\/index.php\/wp-json\/wp\/v2\/pages\/6"}],"collection":[{"href":"https:\/\/profissionais.aecister.pt\/index.php\/wp-json\/wp\/v2\/pages"}],"about":[{"href":"https:\/\/profissionais.aecister.pt\/index.php\/wp-json\/wp\/v2\/types\/page"}],"author":[{"embeddable":true,"href":"https:\/\/profissionais.aecister.pt\/index.php\/wp-json\/wp\/v2\/users\/1"}],"replies":[{"embeddable":true,"href":"https:\/\/profissionais.aecister.pt\/index.php\/wp-json\/wp\/v2\/comments?post=6"}],"version-history":[{"count":17,"href":"https:\/\/profissionais.aecister.pt\/index.php\/wp-json\/wp\/v2\/pages\/6\/revisions"}],"predecessor-version":[{"id":25350,"href":"https:\/\/profissionais.aecister.pt\/index.php\/wp-json\/wp\/v2\/pages\/6\/revisions\/25350"}],"wp:attachment":[{"href":"https:\/\/profissionais.aecister.pt\/index.php\/wp-json\/wp\/v2\/media?parent=6"}],"curies":[{"name":"wp","href":"https:\/\/api.w.org\/{rel}","templated":true}]}}